{"id":61,"date":"2015-07-29T11:44:21","date_gmt":"2015-07-29T11:44:21","guid":{"rendered":"http:\/\/xn--bartolomerderag-itb.apps-1and1.net\/?page_id=61"},"modified":"2025-09-03T14:49:05","modified_gmt":"2025-09-03T12:49:05","slug":"freie-stellen","status":"publish","type":"page","link":"https:\/\/br-ag.com\/en\/freie-stellen\/","title":{"rendered":"Freie Stellen"},"content":{"rendered":"<h2><img fetchpriority=\"high\" decoding=\"async\" class=\"alignnone size-full wp-image-123\" src=\"http:\/\/xn--bartolomerderag-itb.apps-1and1.net\/wp-content\/uploads\/2015\/07\/FreieStellen.png\" alt=\"Stellenangebot\" width=\"785\" height=\"290\" srcset=\"https:\/\/br-ag.com\/wp-content\/uploads\/2015\/07\/FreieStellen.png 785w, https:\/\/br-ag.com\/wp-content\/uploads\/2015\/07\/FreieStellen-300x111.png 300w, https:\/\/br-ag.com\/wp-content\/uploads\/2015\/07\/FreieStellen-768x284.png 768w\" sizes=\"(max-width: 785px) 100vw, 785px\" \/><\/h2>\n<h2>Our current vacancies:<\/h2>\n<ul id=\"menu-stellenangebote\" class=\"menu\">\n<li id=\"menu-item-131\" class=\"menu-item menu-item-type-post_type menu-item-object-page menu-item-131\"><a href=\"http:\/\/xn--bartolomerderag-itb.apps-1and1.net\/freie-stellen\/berater-fuer-microsoft-dynamics-navision\/\">Consultant for Microsoft Dynamics Navision (m\/f)<\/a><\/li>\n<li id=\"menu-item-142\" class=\"menu-item menu-item-type-custom menu-item-object-custom menu-item-142\"><a href=\"http:\/\/bartolomer\u00f6derag.apps-1and1.net\/wp-content\/uploads\/2015\/08\/Junior-Berater_fuer_Microsoft_Dynamics_Navision.pdf\" target=\"_blank\" rel=\"noopener\">Junior Consultant for Microsoft Dynamics Navision (m\/f)<\/a><\/li>\n<li id=\"menu-item-143\" class=\"menu-item menu-item-type-custom menu-item-object-custom menu-item-143\"><a href=\"http:\/\/xn--bartolomerderag-itb.apps-1and1.net\/wp-content\/uploads\/2015\/08\/SAP-Projektmanager.pdf\" target=\"_blank\" rel=\"noopener\">SAP Project Manager (m\/f)<\/a><\/li>\n<li id=\"menu-item-144\" class=\"menu-item menu-item-type-custom menu-item-object-custom menu-item-144\"><a href=\"http:\/\/bartolomer\u00f6derag.apps-1and1.net\/wp-content\/uploads\/2015\/08\/Senior-SAP-Berater.pdf\" target=\"_blank\" rel=\"noopener\">Senior SAP Consultant (m\/f)<\/a><\/li>\n<li id=\"menu-item-151\" class=\"menu-item menu-item-type-post_type menu-item-object-page menu-item-151\"><a href=\"http:\/\/xn--bartolomerderag-itb.apps-1and1.net\/freie-stellen\/junior-sap-berater\/\">Junior SAP Consultant<\/a><\/li>\n<\/ul>\n<p>bartolome r\u00f6der AG is an active, constantly evolving company. We therefore look forward to receiving your unsolicited application.<br \/>\nPlease send them by e-mail to: Ebru Kaplan - Ebru.Kaplan@br-ag.com<\/p>\n<p class=\"bodytext\">Would you prefer a personal interview in advance and have questions about us or one of our vacancies?<br \/>\nContact: Ebru Kaplan +49 178 2111105 is at your disposal.<br \/>\nWe look forward to receiving your application!<\/p>","protected":false},"excerpt":{"rendered":"<p>Unsere aktuellen Stellenangebote: Berater f\u00fcr Microsoft Dynamics Navision (m\/w) Junior-Berater f\u00fcr Microsoft Dynamics Navision (m\/w) SAP-Projektmanager (m\/w) Senior-SAP-Berater (m\/w) Junior-SAP-Berater Die bartolome r\u00f6der AG ist ein aktives, sich st\u00e4ndig weiter entwickelndes Unternehmen. Daher freuen wir uns \u00fcber Ihre Initiativbewerbung. Diese richten Sie bitte per Mail an: Ebru Kaplan &#8211; Ebru.Kaplan@br-ag.com Sie bevorzugen vorab ein pers\u00f6nliches [&hellip;]<\/p>","protected":false},"author":1,"featured_media":0,"parent":0,"menu_order":0,"comment_status":"closed","ping_status":"closed","template":"","meta":{"_seopress_robots_primary_cat":"","_seopress_titles_title":"Karriere bei bartolome r\u00f6der AG: Jetzt Bewerben!","_seopress_titles_desc":"Entdecken Sie spannende Jobs im SAP- und Microsoft Dynamics-Bereich. Bewerben Sie sich jetzt und gestalten Sie Ihre Zukunft mit uns!","_seopress_robots_index":"","footnotes":""},"categories":[],"tags":[],"class_list":["post-61","page","type-page","status-publish","hentry"],"_links":{"self":[{"href":"https:\/\/br-ag.com\/en\/wp-json\/wp\/v2\/pages\/61","targetHints":{"allow":["GET"]}}],"collection":[{"href":"https:\/\/br-ag.com\/en\/wp-json\/wp\/v2\/pages"}],"about":[{"href":"https:\/\/br-ag.com\/en\/wp-json\/wp\/v2\/types\/page"}],"author":[{"embeddable":true,"href":"https:\/\/br-ag.com\/en\/wp-json\/wp\/v2\/users\/1"}],"replies":[{"embeddable":true,"href":"https:\/\/br-ag.com\/en\/wp-json\/wp\/v2\/comments?post=61"}],"version-history":[{"count":3,"href":"https:\/\/br-ag.com\/en\/wp-json\/wp\/v2\/pages\/61\/revisions"}],"predecessor-version":[{"id":2308,"href":"https:\/\/br-ag.com\/en\/wp-json\/wp\/v2\/pages\/61\/revisions\/2308"}],"wp:attachment":[{"href":"https:\/\/br-ag.com\/en\/wp-json\/wp\/v2\/media?parent=61"}],"wp:term":[{"taxonomy":"category","embeddable":true,"href":"https:\/\/br-ag.com\/en\/wp-json\/wp\/v2\/categories?post=61"},{"taxonomy":"post_tag","embeddable":true,"href":"https:\/\/br-ag.com\/en\/wp-json\/wp\/v2\/tags?post=61"}],"curies":[{"name":"wp","href":"https:\/\/api.w.org\/{rel}","templated":true}]}}