{"id":52,"date":"2025-05-29T11:40:00","date_gmt":"2025-05-29T09:40:00","guid":{"rendered":"http:\/\/xn--bartolomerderag-itb.apps-1and1.net\/?page_id=52"},"modified":"2026-03-16T13:03:11","modified_gmt":"2026-03-16T12:03:11","slug":"sap","status":"publish","type":"page","link":"https:\/\/br-ag.com\/en\/leistungsportfolio\/sap\/","title":{"rendered":"SAP"},"content":{"rendered":"<div data-elementor-type=\"wp-page\" data-elementor-id=\"52\" class=\"elementor elementor-52\" data-elementor-post-type=\"page\">\n\t\t\t\t<div class=\"elementor-element elementor-element-cda6e70 e-flex e-con-boxed e-con e-parent\" data-id=\"cda6e70\" data-element_type=\"container\" data-settings=\"{&quot;background_background&quot;:&quot;gradient&quot;,&quot;_ha_eqh_enable&quot;:false}\">\n\t\t\t\t\t<div class=\"e-con-inner\">\n\t\t<div class=\"elementor-element elementor-element-1f66eb6 e-con-full e-flex e-con e-child\" data-id=\"1f66eb6\" data-element_type=\"container\" data-settings=\"{&quot;_ha_eqh_enable&quot;:false}\">\n\t\t\t\t<div class=\"elementor-element elementor-element-cae3eee elementor-widget__width-initial elementor-widget elementor-widget-heading\" data-id=\"cae3eee\" data-element_type=\"widget\" data-widget_type=\"heading.default\">\n\t\t\t\t\t<h2 class=\"elementor-heading-title elementor-size-default\">SAP S\/4HANA Transformation mit Struktur, Erfahrung und Verantwortung<\/h2>\t\t\t\t<\/div>\n\t\t\t\t<\/div>\n\t\t<div class=\"elementor-element elementor-element-5493ac8 e-con-full e-flex e-con e-child\" data-id=\"5493ac8\" data-element_type=\"container\" data-settings=\"{&quot;_ha_eqh_enable&quot;:false}\">\n\t\t\t\t<div class=\"elementor-element elementor-element-1d8ae29 elementor-widget elementor-widget-image\" data-id=\"1d8ae29\" data-element_type=\"widget\" data-widget_type=\"image.default\">\n\t\t\t\t\t\t\t\t\t\t\t\t\t\t\t<img alt=\"\" fetchpriority=\"high\" decoding=\"async\" width=\"800\" height=\"533\" src=\"https:\/\/br-ag.com\/wp-content\/uploads\/2025\/06\/br-AG-Stock-103-1024x682.jpg\" class=\"attachment-large size-large wp-image-1911\" srcset=\"https:\/\/br-ag.com\/wp-content\/uploads\/2025\/06\/br-AG-Stock-103-1024x682.jpg 1024w, https:\/\/br-ag.com\/wp-content\/uploads\/2025\/06\/br-AG-Stock-103-300x200.jpg 300w, https:\/\/br-ag.com\/wp-content\/uploads\/2025\/06\/br-AG-Stock-103-768x512.jpg 768w, https:\/\/br-ag.com\/wp-content\/uploads\/2025\/06\/br-AG-Stock-103-1536x1024.jpg 1536w, https:\/\/br-ag.com\/wp-content\/uploads\/2025\/06\/br-AG-Stock-103.jpg 1800w\" sizes=\"(max-width: 800px) 100vw, 800px\" \/>\t\t\t\t\t\t\t\t\t\t\t\t\t\t\t<\/div>\n\t\t\t\t<\/div>\n\t\t\t\t\t<\/div>\n\t\t\t\t<\/div>\n\t\t<div class=\"elementor-element elementor-element-f9e1ebf e-flex e-con-boxed e-con e-parent\" data-id=\"f9e1ebf\" data-element_type=\"container\" data-settings=\"{&quot;background_background&quot;:&quot;classic&quot;,&quot;_ha_eqh_enable&quot;:false}\">\n\t\t\t\t\t<div class=\"e-con-inner\">\n\t\t\t\t<div class=\"elementor-element elementor-element-2ea5fdf9 elementor-widget__width-initial elementor-widget elementor-widget-heading\" data-id=\"2ea5fdf9\" data-element_type=\"widget\" data-widget_type=\"heading.default\">\n\t\t\t\t\t<h2 class=\"elementor-heading-title elementor-size-default\">Advice with attitude<\/h2>\t\t\t\t<\/div>\n\t\t\t\t<div class=\"elementor-element elementor-element-06359e0 elementor-widget__width-initial elementor-widget elementor-widget-heading\" data-id=\"06359e0\" data-element_type=\"widget\" data-widget_type=\"heading.default\">\n\t\t\t\t\t<h1 class=\"elementor-heading-title elementor-size-default\">Digitale Transformation braucht mehr als Technologie.<\/h1>\t\t\t\t<\/div>\n\t\t\t\t\t<\/div>\n\t\t\t\t<\/div>\n\t\t<div class=\"elementor-element elementor-element-b2e6916 e-flex e-con-boxed e-con e-parent\" data-id=\"b2e6916\" data-element_type=\"container\" data-settings=\"{&quot;background_background&quot;:&quot;classic&quot;,&quot;_ha_eqh_enable&quot;:false}\">\n\t\t\t\t\t<div class=\"e-con-inner\">\n\t\t<div class=\"elementor-element elementor-element-625055a e-con-full e-flex e-con e-child\" data-id=\"625055a\" data-element_type=\"container\" data-settings=\"{&quot;_ha_eqh_enable&quot;:false}\">\n\t\t\t\t<div class=\"elementor-element elementor-element-39daf12 elementor-widget elementor-widget-image\" data-id=\"39daf12\" data-element_type=\"widget\" data-widget_type=\"image.default\">\n\t\t\t\t\t\t\t\t\t\t\t\t\t\t\t<img alt=\"\" decoding=\"async\" width=\"800\" height=\"729\" src=\"https:\/\/br-ag.com\/wp-content\/uploads\/2026\/03\/377_bartolomeroederAG_M_15_29052025_schmal-1024x933.jpg\" class=\"attachment-large size-large wp-image-2573\" srcset=\"https:\/\/br-ag.com\/wp-content\/uploads\/2026\/03\/377_bartolomeroederAG_M_15_29052025_schmal-1024x933.jpg 1024w, https:\/\/br-ag.com\/wp-content\/uploads\/2026\/03\/377_bartolomeroederAG_M_15_29052025_schmal-300x273.jpg 300w, https:\/\/br-ag.com\/wp-content\/uploads\/2026\/03\/377_bartolomeroederAG_M_15_29052025_schmal-768x699.jpg 768w, https:\/\/br-ag.com\/wp-content\/uploads\/2026\/03\/377_bartolomeroederAG_M_15_29052025_schmal-1536x1399.jpg 1536w, https:\/\/br-ag.com\/wp-content\/uploads\/2026\/03\/377_bartolomeroederAG_M_15_29052025_schmal-scaled.jpg 1800w, https:\/\/br-ag.com\/wp-content\/uploads\/2026\/03\/377_bartolomeroederAG_M_15_29052025_schmal-13x12.jpg 13w\" sizes=\"(max-width: 800px) 100vw, 800px\" \/>\t\t\t\t\t\t\t\t\t\t\t\t\t\t\t<\/div>\n\t\t\t\t<\/div>\n\t\t<div class=\"elementor-element elementor-element-9388ef5 e-con-full e-flex e-con e-child\" data-id=\"9388ef5\" data-element_type=\"container\" data-settings=\"{&quot;_ha_eqh_enable&quot;:false}\">\n\t\t\t\t<div class=\"elementor-element elementor-element-fd742ac elementor-widget elementor-widget-heading\" data-id=\"fd742ac\" data-element_type=\"widget\" data-widget_type=\"heading.default\">\n\t\t\t\t\t<h3 class=\"elementor-heading-title elementor-size-default\">Wandel beginnt nicht mit einem Tool, sondern mit der richtigen Haltung.<\/h3>\t\t\t\t<\/div>\n\t\t\t\t<div class=\"elementor-element elementor-element-60f1a58 elementor-widget elementor-widget-text-editor\" data-id=\"60f1a58\" data-element_type=\"widget\" data-widget_type=\"text-editor.default\">\n\t\t\t\t\t\t\t\t\t<p><strong>Und das bedeutet f\u00fcr uns<\/strong>: Wir liefern Exzellenz in S\/4HANA- und Transformationsprogrammen auf Augenh\u00f6he und entwickeln agil modulare L\u00f6sungen, die wirklich passen.<\/p><p><strong>Unser Anspruch<\/strong>: Strukturen, die best\u00e4ndig sind. Prozesse, die funktionieren. Teams, die Verantwortung \u00fcbernehmen. So entsteht digitale Transformation, die tr\u00e4gt, Menschen aktiv mitnimmt und zur gemeinsamen Erfolgsgeschichte w\u00e4chst.<\/p><p><strong>Engineering Trust. Enabling Transformation.<\/strong><\/p><div>\u00a0<\/div><div>\u00a0<\/div>\t\t\t\t\t\t\t\t<\/div>\n\t\t\t\t<\/div>\n\t\t\t\t\t<\/div>\n\t\t\t\t<\/div>\n\t\t<div class=\"elementor-element elementor-element-2561409f e-flex e-con-boxed e-con e-parent\" data-id=\"2561409f\" data-element_type=\"container\" data-settings=\"{&quot;background_background&quot;:&quot;gradient&quot;,&quot;_ha_eqh_enable&quot;:false}\">\n\t\t\t\t\t<div class=\"e-con-inner\">\n\t\t<div class=\"elementor-element elementor-element-297c7e98 e-con-full e-flex e-con e-child\" data-id=\"297c7e98\" data-element_type=\"container\" data-settings=\"{&quot;_ha_eqh_enable&quot;:false}\">\n\t\t\t\t<\/div>\n\t\t<div class=\"elementor-element elementor-element-2f91c3bd e-con-full e-flex e-con e-child\" data-id=\"2f91c3bd\" data-element_type=\"container\" data-settings=\"{&quot;_ha_eqh_enable&quot;:false}\">\n\t\t\t\t<\/div>\n\t\t\t\t\t<\/div>\n\t\t\t\t<\/div>\n\t\t<div class=\"elementor-element elementor-element-1a403066 e-flex e-con-boxed e-con e-parent\" data-id=\"1a403066\" data-element_type=\"container\" data-settings=\"{&quot;background_background&quot;:&quot;classic&quot;,&quot;_ha_eqh_enable&quot;:false}\">\n\t\t\t\t\t<div class=\"e-con-inner\">\n\t\t\t\t<div class=\"elementor-element elementor-element-49c49c2 elementor-widget__width-initial elementor-widget elementor-widget-heading\" data-id=\"49c49c2\" data-element_type=\"widget\" data-widget_type=\"heading.default\">\n\t\t\t\t\t<h2 class=\"elementor-heading-title elementor-size-default\">Entering the digital future with SAP S\/4HANA<\/h2>\t\t\t\t<\/div>\n\t\t\t\t<div class=\"elementor-element elementor-element-3ce1e5a elementor-widget__width-initial elementor-widget elementor-widget-heading\" data-id=\"3ce1e5a\" data-element_type=\"widget\" data-widget_type=\"heading.default\">\n\t\t\t\t\t<h1 class=\"elementor-heading-title elementor-size-default\">Die Grundlage f\u00fcr integrierte und steuerbare Unternehmensprozesse<\/h1>\t\t\t\t<\/div>\n\t\t\t\t<div class=\"elementor-element elementor-element-430ca83 elementor-widget elementor-widget-text-editor\" data-id=\"430ca83\" data-element_type=\"widget\" data-widget_type=\"text-editor.default\">\n\t\t\t\t\t\t\t\t\t<p data-start=\"370\" data-end=\"651\">SAP S\/4HANA bildet die technologische Grundlage f\u00fcr moderne, integrierte Unternehmensprozesse. Die Plattform verbindet Finance, Logistik, Reporting und Steuerungsinformationen in Echtzeit \u2013 und schafft damit die Basis f\u00fcr transparente, effiziente und skalierbare Gesch\u00e4ftsprozesse.<\/p><p data-start=\"653\" data-end=\"852\">Doch der eigentliche Mehrwert entsteht nicht durch Technologie allein. Entscheidend ist, wie Unternehmen ihre Prozesse harmonisieren, Strukturen klar definieren und Transformation konsequent steuern.<\/p><p data-start=\"854\" data-end=\"1112\">Die bartolome r\u00f6der AG begleitet Unternehmen dabei, SAP S\/4HANA strategisch einzuf\u00fchren, bestehende Systemlandschaften zu modernisieren und digitale Prozesse nachhaltig zu etablieren \u2013 von der Zielarchitektur \u00fcber die Transformation bis zum stabilen Betrieb.<\/p><p data-start=\"1114\" data-end=\"1271\">Mit Erfahrung, Methodik und einem tiefen Verst\u00e4ndnis f\u00fcr komplexe SAP-Landschaften sorgen wir daf\u00fcr, dass aus Technologie ein echter Wettbewerbsvorteil wird.<\/p>\t\t\t\t\t\t\t\t<\/div>\n\t\t\t\t\t<\/div>\n\t\t\t\t<\/div>\n\t\t<div class=\"elementor-element elementor-element-28f2c04e e-flex e-con-boxed e-con e-parent\" data-id=\"28f2c04e\" data-element_type=\"container\" data-settings=\"{&quot;background_background&quot;:&quot;classic&quot;,&quot;_ha_eqh_enable&quot;:false}\">\n\t\t\t\t\t<div class=\"e-con-inner\">\n\t\t<div class=\"elementor-element elementor-element-6bbf7794 e-con-full e-flex e-con e-child\" data-id=\"6bbf7794\" data-element_type=\"container\" data-settings=\"{&quot;_ha_eqh_enable&quot;:false}\">\n\t\t\t\t<div class=\"elementor-element elementor-element-7aac91cd elementor-widget elementor-widget-image\" data-id=\"7aac91cd\" data-element_type=\"widget\" data-widget_type=\"image.default\">\n\t\t\t\t\t\t\t\t\t\t\t\t\t\t\t<img alt=\"\" decoding=\"async\" width=\"800\" height=\"800\" src=\"https:\/\/br-ag.com\/wp-content\/uploads\/2025\/06\/br-AG-Stock-III-square-241-1024x1024.jpg\" class=\"attachment-large size-large wp-image-1793\" srcset=\"https:\/\/br-ag.com\/wp-content\/uploads\/2025\/06\/br-AG-Stock-III-square-241-1024x1024.jpg 1024w, https:\/\/br-ag.com\/wp-content\/uploads\/2025\/06\/br-AG-Stock-III-square-241-300x300.jpg 300w, https:\/\/br-ag.com\/wp-content\/uploads\/2025\/06\/br-AG-Stock-III-square-241-150x150.jpg 150w, https:\/\/br-ag.com\/wp-content\/uploads\/2025\/06\/br-AG-Stock-III-square-241-768x768.jpg 768w, https:\/\/br-ag.com\/wp-content\/uploads\/2025\/06\/br-AG-Stock-III-square-241.jpg 1500w\" sizes=\"(max-width: 800px) 100vw, 800px\" \/>\t\t\t\t\t\t\t\t\t\t\t\t\t\t\t<\/div>\n\t\t\t\t<\/div>\n\t\t<div class=\"elementor-element elementor-element-142f0dfe e-con-full e-flex e-con e-child\" data-id=\"142f0dfe\" data-element_type=\"container\" data-settings=\"{&quot;_ha_eqh_enable&quot;:false}\">\n\t\t\t\t<div class=\"elementor-element elementor-element-3ac5bbb7 elementor-widget elementor-widget-heading\" data-id=\"3ac5bbb7\" data-element_type=\"widget\" data-widget_type=\"heading.default\">\n\t\t\t\t\t<h3 class=\"elementor-heading-title elementor-size-default\">Harmonization &amp; Governance<\/h3>\t\t\t\t<\/div>\n\t\t\t\t<div class=\"elementor-element elementor-element-603a396e elementor-widget elementor-widget-text-editor\" data-id=\"603a396e\" data-element_type=\"widget\" data-widget_type=\"text-editor.default\">\n\t\t\t\t\t\t\t\t\t<p><strong>Global standards instead of isolated solutions:<\/strong> We put your SAP processes on a standardized, scalable foundation. With clear templates, best practices and central governance, you ensure consistency across countries, locations and business units.<\/p><p><strong>Structured decision model:<\/strong> Our governance approach defines clear roles, responsibilities and approval structures. This allows you to accelerate internal decisions and establish transparent processes - from planning to daily implementation.<\/p>\t\t\t\t\t\t\t\t<\/div>\n\t\t\t\t<\/div>\n\t\t\t\t\t<\/div>\n\t\t\t\t<\/div>\n\t\t<div class=\"elementor-element elementor-element-61178226 e-flex e-con-boxed e-con e-parent\" data-id=\"61178226\" data-element_type=\"container\" data-settings=\"{&quot;background_background&quot;:&quot;classic&quot;,&quot;_ha_eqh_enable&quot;:false}\">\n\t\t\t\t\t<div class=\"e-con-inner\">\n\t\t<div class=\"elementor-element elementor-element-4ddce035 e-con-full e-flex e-con e-child\" data-id=\"4ddce035\" data-element_type=\"container\" data-settings=\"{&quot;_ha_eqh_enable&quot;:false}\">\n\t\t\t\t<div class=\"elementor-element elementor-element-cc55535 elementor-widget elementor-widget-heading\" data-id=\"cc55535\" data-element_type=\"widget\" data-widget_type=\"heading.default\">\n\t\t\t\t\t<h3 class=\"elementor-heading-title elementor-size-default\">Technology - SAP S\/4HANA<\/h3>\t\t\t\t<\/div>\n\t\t\t\t<div class=\"elementor-element elementor-element-4fa8e30 elementor-widget elementor-widget-text-editor\" data-id=\"4fa8e30\" data-element_type=\"widget\" data-widget_type=\"text-editor.default\">\n\t\t\t\t\t\t\t\t\t<p><strong>Technological leap with substance: <\/strong>S\/4HANA not only offers a modern data model, but also the basis for automation, real-time analyses and AI-supported processes. We support you with the targeted changeover - whether greenfield or brownfield.<\/p><p><strong>Experience with next-gen SAP solutions: <\/strong>Our team is actively involved in S\/4HANA projects - including Finance, Group Reporting and BPC. This means you benefit from current project experience, in-depth expertise and a clear view of your individual goals.<\/p>\t\t\t\t\t\t\t\t<\/div>\n\t\t\t\t<\/div>\n\t\t<div class=\"elementor-element elementor-element-30c788cf e-con-full e-flex e-con e-child\" data-id=\"30c788cf\" data-element_type=\"container\" data-settings=\"{&quot;_ha_eqh_enable&quot;:false}\">\n\t\t\t\t<div class=\"elementor-element elementor-element-7b5bfe62 elementor-widget elementor-widget-image\" data-id=\"7b5bfe62\" data-element_type=\"widget\" data-widget_type=\"image.default\">\n\t\t\t\t\t\t\t\t\t\t\t\t\t\t\t<img alt=\"\" loading=\"lazy\" decoding=\"async\" width=\"800\" height=\"800\" src=\"https:\/\/br-ag.com\/wp-content\/uploads\/2025\/06\/br-AG-Stock-III-square-230-1-1024x1024.jpg\" class=\"attachment-large size-large wp-image-1782\" srcset=\"https:\/\/br-ag.com\/wp-content\/uploads\/2025\/06\/br-AG-Stock-III-square-230-1-1024x1024.jpg 1024w, https:\/\/br-ag.com\/wp-content\/uploads\/2025\/06\/br-AG-Stock-III-square-230-1-300x300.jpg 300w, https:\/\/br-ag.com\/wp-content\/uploads\/2025\/06\/br-AG-Stock-III-square-230-1-150x150.jpg 150w, https:\/\/br-ag.com\/wp-content\/uploads\/2025\/06\/br-AG-Stock-III-square-230-1-768x768.jpg 768w, https:\/\/br-ag.com\/wp-content\/uploads\/2025\/06\/br-AG-Stock-III-square-230-1.jpg 1500w\" sizes=\"(max-width: 800px) 100vw, 800px\" \/>\t\t\t\t\t\t\t\t\t\t\t\t\t\t\t<\/div>\n\t\t\t\t<\/div>\n\t\t\t\t\t<\/div>\n\t\t\t\t<\/div>\n\t\t<div class=\"elementor-element elementor-element-578995d e-flex e-con-boxed e-con e-parent\" data-id=\"578995d\" data-element_type=\"container\" data-settings=\"{&quot;background_background&quot;:&quot;classic&quot;,&quot;_ha_eqh_enable&quot;:false}\">\n\t\t\t\t\t<div class=\"e-con-inner\">\n\t\t<div class=\"elementor-element elementor-element-fc06b63 e-con-full e-flex e-con e-child\" data-id=\"fc06b63\" data-element_type=\"container\" data-settings=\"{&quot;_ha_eqh_enable&quot;:false}\">\n\t\t\t\t<div class=\"elementor-element elementor-element-c37b54d elementor-widget elementor-widget-image\" data-id=\"c37b54d\" data-element_type=\"widget\" data-widget_type=\"image.default\">\n\t\t\t\t\t\t\t\t\t\t\t\t\t\t\t<img alt=\"\" loading=\"lazy\" decoding=\"async\" width=\"800\" height=\"800\" src=\"https:\/\/br-ag.com\/wp-content\/uploads\/2025\/07\/Agile-2-1024x1024.png\" class=\"attachment-large size-large wp-image-2178\" srcset=\"https:\/\/br-ag.com\/wp-content\/uploads\/2025\/07\/Agile-2-1024x1024.png 1024w, https:\/\/br-ag.com\/wp-content\/uploads\/2025\/07\/Agile-2-300x300.png 300w, https:\/\/br-ag.com\/wp-content\/uploads\/2025\/07\/Agile-2-150x150.png 150w, https:\/\/br-ag.com\/wp-content\/uploads\/2025\/07\/Agile-2-768x768.png 768w, https:\/\/br-ag.com\/wp-content\/uploads\/2025\/07\/Agile-2.png 1500w\" sizes=\"(max-width: 800px) 100vw, 800px\" \/>\t\t\t\t\t\t\t\t\t\t\t\t\t\t\t<\/div>\n\t\t\t\t<\/div>\n\t\t<div class=\"elementor-element elementor-element-3e201e0 e-con-full e-flex e-con e-child\" data-id=\"3e201e0\" data-element_type=\"container\" data-settings=\"{&quot;_ha_eqh_enable&quot;:false}\">\n\t\t\t\t<div class=\"elementor-element elementor-element-599ca326 elementor-widget elementor-widget-heading\" data-id=\"599ca326\" data-element_type=\"widget\" data-widget_type=\"heading.default\">\n\t\t\t\t\t<h3 class=\"elementor-heading-title elementor-size-default\">Methods - Agile instead of waterfall<\/h3>\t\t\t\t<\/div>\n\t\t\t\t<div class=\"elementor-element elementor-element-55a4b533 elementor-widget elementor-widget-text-editor\" data-id=\"55a4b533\" data-element_type=\"widget\" data-widget_type=\"text-editor.default\">\n\t\t\t\t\t\t\t\t\t<p><strong>Flexible introduction, clean scaling: <\/strong>Instead of rigid project plans, we rely on agile methods - with short iterations, rapid value creation and constant feedback. This allows you to maintain an overview at all times and adapt the project dynamically.<\/p><p><strong>SAP Solution Manager in use: <\/strong>We use SAP Solution Manager for structured solution management and end-to-end monitoring. In this way, we create transparency, ensure quality and lay the foundation for stable operation after the go-live.<\/p>\t\t\t\t\t\t\t\t<\/div>\n\t\t\t\t<\/div>\n\t\t\t\t\t<\/div>\n\t\t\t\t<\/div>\n\t\t<div class=\"elementor-element elementor-element-43473369 e-flex e-con-boxed e-con e-parent\" data-id=\"43473369\" data-element_type=\"container\" data-settings=\"{&quot;background_background&quot;:&quot;gradient&quot;,&quot;_ha_eqh_enable&quot;:false}\">\n\t\t\t\t\t<div class=\"e-con-inner\">\n\t\t<div class=\"elementor-element elementor-element-5eace21 e-con-full e-flex e-con e-child\" data-id=\"5eace21\" data-element_type=\"container\" data-settings=\"{&quot;_ha_eqh_enable&quot;:false}\">\n\t\t\t\t<div class=\"elementor-element elementor-element-757c62ea elementor-absolute elementor-widget elementor-widget-image\" data-id=\"757c62ea\" data-element_type=\"widget\" data-settings=\"{&quot;_position&quot;:&quot;absolute&quot;}\" data-widget_type=\"image.default\">\n\t\t\t\t\t\t\t\t\t\t\t\t\t\t\t<img alt=\"\" loading=\"lazy\" decoding=\"async\" width=\"758\" height=\"837\" src=\"https:\/\/br-ag.com\/wp-content\/uploads\/2025\/06\/brAG_Play-Icon_neg_RGB.svg\" class=\"attachment-large size-large wp-image-1530\" \/>\t\t\t\t\t\t\t\t\t\t\t\t\t\t\t<\/div>\n\t\t\t\t<div class=\"elementor-element elementor-element-72ae0468 elementor-widget elementor-widget-image\" data-id=\"72ae0468\" data-element_type=\"widget\" data-widget_type=\"image.default\">\n\t\t\t\t\t\t\t\t\t\t\t\t\t\t\t<img alt=\"\" loading=\"lazy\" decoding=\"async\" width=\"800\" height=\"642\" src=\"https:\/\/br-ag.com\/wp-content\/uploads\/2025\/06\/br-AG-Stockfotos-36-1024x822.jpg\" class=\"attachment-large size-large wp-image-1549\" srcset=\"https:\/\/br-ag.com\/wp-content\/uploads\/2025\/06\/br-AG-Stockfotos-36-1024x822.jpg 1024w, https:\/\/br-ag.com\/wp-content\/uploads\/2025\/06\/br-AG-Stockfotos-36-300x241.jpg 300w, https:\/\/br-ag.com\/wp-content\/uploads\/2025\/06\/br-AG-Stockfotos-36-768x617.jpg 768w, https:\/\/br-ag.com\/wp-content\/uploads\/2025\/06\/br-AG-Stockfotos-36-1536x1233.jpg 1536w, https:\/\/br-ag.com\/wp-content\/uploads\/2025\/06\/br-AG-Stockfotos-36.jpg 1800w\" sizes=\"(max-width: 800px) 100vw, 800px\" \/>\t\t\t\t\t\t\t\t\t\t\t\t\t\t\t<\/div>\n\t\t\t\t<\/div>\n\t\t<div class=\"elementor-element elementor-element-d5e1fc1 e-con-full e-flex e-con e-child\" data-id=\"d5e1fc1\" data-element_type=\"container\" data-settings=\"{&quot;_ha_eqh_enable&quot;:false}\">\n\t\t\t\t<div class=\"elementor-element elementor-element-3662af1d elementor-widget elementor-widget-heading\" data-id=\"3662af1d\" data-element_type=\"widget\" data-widget_type=\"heading.default\">\n\t\t\t\t\t<h3 class=\"elementor-heading-title elementor-size-default\">Interest in <br>SAP S\/4HANA?<\/h3>\t\t\t\t<\/div>\n\t\t\t\t<div class=\"elementor-element elementor-element-22060f64 elementor-widget elementor-widget-text-editor\" data-id=\"22060f64\" data-element_type=\"widget\" data-widget_type=\"text-editor.default\">\n\t\t\t\t\t\t\t\t\t<p>Are you planning to switch to SAP S\/4HANA or would you like to future-proof your existing SAP landscape? We support you from strategy to implementation to stable operation - with tried-and-tested methods, a deep understanding of processes and technological expertise.<\/p><p>Get in touch with us now and let us advise you without obligation - directly via our contact page. Together we will find the best way for your company.<\/p>\t\t\t\t\t\t\t\t<\/div>\n\t\t\t\t<div class=\"elementor-element elementor-element-4fd536be elementor-widget elementor-widget-button\" data-id=\"4fd536be\" data-element_type=\"widget\" data-widget_type=\"button.default\">\n\t\t\t\t\t\t\t\t\t\t<a class=\"elementor-button elementor-button-link elementor-size-sm\" href=\"https:\/\/br-ag.com\/en\/kontakt\/\">\n\t\t\t\t\t\t<span class=\"elementor-button-content-wrapper\">\n\t\t\t\t\t\t<span class=\"elementor-button-icon\">\n\t\t\t\t<svg aria-hidden=\"true\" class=\"e-font-icon-svg e-fas-angle-right\" viewbox=\"0 0 256 512\" xmlns=\"http:\/\/www.w3.org\/2000\/svg\"><path d=\"M224.3 273l-136 136c-9.4 9.4-24.6 9.4-33.9 0l-22.6-22.6c-9.4-9.4-9.4-24.6 0-33.9l96.4-96.4-96.4-96.4c-9.4-9.4-9.4-24.6 0-33.9L54.3 103c9.4-9.4 24.6-9.4 33.9 0l136 136c9.5 9.4 9.5 24.6.1 34z\"><\/path><\/svg>\t\t\t<\/span>\n\t\t\t\t\t\t\t\t\t<span class=\"elementor-button-text\">Request now<\/span>\n\t\t\t\t\t<\/span>\n\t\t\t\t\t<\/a>\n\t\t\t\t\t\t\t\t<\/div>\n\t\t\t\t<\/div>\n\t\t\t\t\t<\/div>\n\t\t\t\t<\/div>\n\t\t\t\t<\/div>","protected":false},"excerpt":{"rendered":"<p>SAP S\/4HANA Transformation mit Struktur, Erfahrung und Verantwortung Beratung mit Haltung Digitale Transformation braucht mehr als Technologie. Wandel beginnt nicht mit einem Tool, sondern mit der richtigen Haltung. Und das bedeutet f\u00fcr uns: Wir liefern Exzellenz in S\/4HANA- und Transformationsprogrammen auf Augenh\u00f6he und entwickeln agil modulare L\u00f6sungen, die wirklich passen. Unser Anspruch: Strukturen, die best\u00e4ndig [&hellip;]<\/p>","protected":false},"author":1,"featured_media":0,"parent":7,"menu_order":0,"comment_status":"closed","ping_status":"closed","template":"","meta":{"_seopress_robots_primary_cat":"","_seopress_titles_title":"Mehr Effizienz mit SAP S\/4HANA: Die Zukunft startet hier","_seopress_titles_desc":"Mit SAP S\/4HANA neue Effizienz erleben. Bartolome R\u00f6der AG optimiert Ihre SAP-Landschaft f\u00fcr agiles Wachstum und reale Wettbewerbsvorteile.","_seopress_robots_index":"","footnotes":""},"categories":[],"tags":[],"class_list":["post-52","page","type-page","status-publish","hentry"],"_links":{"self":[{"href":"https:\/\/br-ag.com\/en\/wp-json\/wp\/v2\/pages\/52","targetHints":{"allow":["GET"]}}],"collection":[{"href":"https:\/\/br-ag.com\/en\/wp-json\/wp\/v2\/pages"}],"about":[{"href":"https:\/\/br-ag.com\/en\/wp-json\/wp\/v2\/types\/page"}],"author":[{"embeddable":true,"href":"https:\/\/br-ag.com\/en\/wp-json\/wp\/v2\/users\/1"}],"replies":[{"embeddable":true,"href":"https:\/\/br-ag.com\/en\/wp-json\/wp\/v2\/comments?post=52"}],"version-history":[{"count":78,"href":"https:\/\/br-ag.com\/en\/wp-json\/wp\/v2\/pages\/52\/revisions"}],"predecessor-version":[{"id":2612,"href":"https:\/\/br-ag.com\/en\/wp-json\/wp\/v2\/pages\/52\/revisions\/2612"}],"up":[{"embeddable":true,"href":"https:\/\/br-ag.com\/en\/wp-json\/wp\/v2\/pages\/7"}],"wp:attachment":[{"href":"https:\/\/br-ag.com\/en\/wp-json\/wp\/v2\/media?parent=52"}],"wp:term":[{"taxonomy":"category","embeddable":true,"href":"https:\/\/br-ag.com\/en\/wp-json\/wp\/v2\/categories?post=52"},{"taxonomy":"post_tag","embeddable":true,"href":"https:\/\/br-ag.com\/en\/wp-json\/wp\/v2\/tags?post=52"}],"curies":[{"name":"wp","href":"https:\/\/api.w.org\/{rel}","templated":true}]}}