{"id":33,"date":"2015-06-02T11:17:55","date_gmt":"2015-06-02T11:17:55","guid":{"rendered":"http:\/\/xn--bartolomerderag-itb.apps-1and1.net\/?page_id=33"},"modified":"2025-08-12T08:51:30","modified_gmt":"2025-08-12T06:51:30","slug":"impressum","status":"publish","type":"page","link":"https:\/\/br-ag.com\/en\/impressum\/","title":{"rendered":"Imprint"},"content":{"rendered":"<div data-elementor-type=\"wp-page\" data-elementor-id=\"33\" class=\"elementor elementor-33\" data-elementor-post-type=\"page\">\n\t\t\t\t<div class=\"elementor-element elementor-element-23525cb e-flex e-con-boxed e-con e-parent\" data-id=\"23525cb\" data-element_type=\"container\" data-settings=\"{&quot;_ha_eqh_enable&quot;:false}\">\n\t\t\t\t\t<div class=\"e-con-inner\">\n\t\t\t\t<div class=\"elementor-element elementor-element-44e1667 elementor-widget elementor-widget-heading\" data-id=\"44e1667\" data-element_type=\"widget\" data-widget_type=\"heading.default\">\n\t\t\t\t\t<h1 class=\"elementor-heading-title elementor-size-default\">Imprint<\/h1>\t\t\t\t<\/div>\n\t\t\t\t<div class=\"elementor-element elementor-element-41e81151 elementor-widget elementor-widget-text-editor\" data-id=\"41e81151\" data-element_type=\"widget\" data-widget_type=\"text-editor.default\">\n\t\t\t\t\t\t\t\t\t<p class=\"bodytext\"><b>bartolome r\u00f6der AG<\/b><br \/>Ridlerstr. 11<br \/>80339 Munich<\/p><p>Phone +49 89 211 11 848<br \/>E-Mail: <a href=\"mailto:info@br-ag.com\">info@br-ag.com<\/a><br \/>Internet: <a href=\"https:\/\/br-ag.com\/en\/\" target=\"_blank\" rel=\"noopener noreferrer\">www.br-ag.com<br \/><\/a><br \/><b>Authorized representative of the Management Board:<\/b><br \/>Dipl.Wirt.Ing. Christoph Bartolome, Dipl.Wirt.Ing. Bernd R\u00f6der<\/p><p><strong>Chairman of the Supervisory Board:<\/strong> Constantin Ridder<\/p><p class=\"bodytext\"><b>Register court:<\/b> Munich<br \/><b>Registration number: <\/b>HRB 134226<br \/><b>Tax number: <\/b>143 \/ 100 \/ 10112<br \/><b>VAT ID:<\/b> DE 212 304 240<\/p><p class=\"bodytext\">Responsible for content according to \u00a7 10 paragraph 3 MDStV: Bernd R\u00f6der (address as above)<\/p><h2>Legal information:<\/h2><p class=\"bodytext\">Despite careful control of the content, bartolome r\u00f6der AG accepts no liability for the content of external links. The operators of the linked pages are solely responsible for their content.<\/p><p class=\"bodytext\">bartolome r\u00f6der AG accepts no liability for the data security of information of any kind sent via the website or by e-mail.<\/p><p class=\"bodytext\">All texts, graphics and images on the www.br-ag.com website are subject to the copyright of bartolome r\u00f6der AG and may be protected by third-party copyright. No part of this publication may be reproduced in any form or processed, copied or distributed using electronic systems without the written permission of bartolome r\u00f6der AG. This does not apply to the text and image material expressly offered for further distribution.<\/p><p class=\"bodytext\">Despite careful checking, the publisher cannot accept any liability or guarantee that the information and data provided on www.br-g.com is up-to-date, correct and complete.<\/p><h2>Data protection Google:<\/h2><p class=\"bodytext\">This website uses Google Analytics, a web analysis service of Google Inc (\"Google\"). Google Analytics uses \"cookies\", which are text files placed on your computer, to help the website analyze how users use the site. The information generated by the cookie about your use of this website is usually transmitted to a Google server in the USA and stored there. However, if IP anonymization is activated on this website, your IP address will be shortened by Google within member states of the European Union or in other contracting states of the Agreement on the European Economic Area. Only in exceptional cases will the full IP address be transmitted to a Google server in the USA and truncated there. Google will use this information on behalf of the operator of this website for the purpose of evaluating your use of the website, compiling reports on website activity and providing other services relating to website activity and internet usage to the website operator. The IP address transmitted by your browser as part of Google Analytics will not be merged with other Google data. You may refuse the use of cookies by selecting the appropriate settings on your browser, however please note that if you do this you may not be able to use the full functionality of this website. You can also prevent Google from collecting the data generated by the cookie and relating to your use of the website (including your IP address) and from processing this data by Google by clicking on the following link (<a class=\"external-link-new-window\" title=\"Opens external link in new window\" href=\"http:\/\/tools.google.com\/dlpage\/gaoptout?hl=de\" target=\"_blank\" rel=\"noopener noreferrer\">http:\/\/tools.google.com\/dlpage\/gaoptout?hl=de<\/a>) to download and install the available browser plugin.<\/p><p>You can find more information on this at <a href=\"http:\/\/tools.google.com\/dlpage\/gaoptout?hl=de\" target=\"_blank\" rel=\"noopener noreferrer\">tools.google.com\/dlpage\/gaoptout<\/a> or under <a href=\"http:\/\/www.google.com\/intl\/de\/analytics\/privacyoverview.html\" target=\"_blank\" rel=\"noopener noreferrer\">www.google.com\/intl\/de\/analytics\/privacyoverview.html<\/a> (general information on Google Analytics and data protection). We would like to point out that on this website Google Analytics has been extended by the code \"gat._anonymizeIp();\" in order to ensure an anonymized collection of IP addresses (so-called IP masking).<\/p><h2>Picture credits:<\/h2><p class=\"bodytext\">fotolia<a href=\"http:\/\/www.fotolia.de\" target=\"_blank\" rel=\"noopener noreferrer\">:<\/a><br \/>kalafoto, daboost, pressmaster, industrial view, anyaberkut, yanlev, fotogestoeber<\/p><p>Adobe Stock:<\/p><p>maglyvi, demipawon 1679390, hpunkt_en, Studio_East, REDPIXEL<\/p><p>Photogenics<\/p>\t\t\t\t\t\t\t\t<\/div>\n\t\t\t\t\t<\/div>\n\t\t\t\t<\/div>\n\t\t<div class=\"elementor-element elementor-element-3ffb76b3 e-flex e-con-boxed e-con e-parent\" data-id=\"3ffb76b3\" data-element_type=\"container\" data-settings=\"{&quot;_ha_eqh_enable&quot;:false}\">\n\t\t\t\t\t<div class=\"e-con-inner\">\n\t\t\t\t\t<\/div>\n\t\t\t\t<\/div>\n\t\t\t\t<\/div>","protected":false},"excerpt":{"rendered":"<p>Impressum bartolome r\u00f6der AGRidlerstr. 1180339\u00a0M\u00fcnchen Tel.+49 89 211 11 848E-Mail: info@br-ag.comInternet: www.br-ag.comVertretungsberechtigter Vorstand:Dipl.Wirt.Ing. Christoph Bartolome, Dipl.Wirt.Ing. Bernd R\u00f6der Vorsitzender des Aufsichtsrates: Constantin Ridder Registergericht: M\u00fcnchenRegistriernummer: HRB 134226Steuernummer: 143 \/ 100 \/ 10112USt.-ID.: DE 212 304 240 Inhaltlich Verantwortlicher gem\u00e4\u00df \u00a7 10 Absatz 3 MDStV: Bernd R\u00f6der (Anschrift wie oben) Rechtliche Hinweise: Trotz sorgf\u00e4ltiger inhaltlicher Kontrolle [&hellip;]<\/p>","protected":false},"author":1,"featured_media":0,"parent":0,"menu_order":0,"comment_status":"closed","ping_status":"closed","template":"","meta":{"_seopress_robots_primary_cat":"","_seopress_titles_title":"Impressum Bartolome R\u00f6der AG: M\u00fcnchen kontaktieren","_seopress_titles_desc":"Kontaktieren Sie die bartolome r\u00f6der AG f\u00fcr zuverl\u00e4ssige Beratung. Besuchen Sie uns unter www.br-ag.com oder senden Sie eine E-Mail an info@br-ag.com.","_seopress_robots_index":"","footnotes":""},"categories":[],"tags":[],"class_list":["post-33","page","type-page","status-publish","hentry"],"_links":{"self":[{"href":"https:\/\/br-ag.com\/en\/wp-json\/wp\/v2\/pages\/33","targetHints":{"allow":["GET"]}}],"collection":[{"href":"https:\/\/br-ag.com\/en\/wp-json\/wp\/v2\/pages"}],"about":[{"href":"https:\/\/br-ag.com\/en\/wp-json\/wp\/v2\/types\/page"}],"author":[{"embeddable":true,"href":"https:\/\/br-ag.com\/en\/wp-json\/wp\/v2\/users\/1"}],"replies":[{"embeddable":true,"href":"https:\/\/br-ag.com\/en\/wp-json\/wp\/v2\/comments?post=33"}],"version-history":[{"count":6,"href":"https:\/\/br-ag.com\/en\/wp-json\/wp\/v2\/pages\/33\/revisions"}],"predecessor-version":[{"id":2259,"href":"https:\/\/br-ag.com\/en\/wp-json\/wp\/v2\/pages\/33\/revisions\/2259"}],"wp:attachment":[{"href":"https:\/\/br-ag.com\/en\/wp-json\/wp\/v2\/media?parent=33"}],"wp:term":[{"taxonomy":"category","embeddable":true,"href":"https:\/\/br-ag.com\/en\/wp-json\/wp\/v2\/categories?post=33"},{"taxonomy":"post_tag","embeddable":true,"href":"https:\/\/br-ag.com\/en\/wp-json\/wp\/v2\/tags?post=33"}],"curies":[{"name":"wp","href":"https:\/\/api.w.org\/{rel}","templated":true}]}}