{"id":2498,"date":"2025-11-20T11:32:26","date_gmt":"2025-11-20T10:32:26","guid":{"rendered":"https:\/\/br-ag.com\/?page_id=2498"},"modified":"2025-11-20T11:34:49","modified_gmt":"2025-11-20T10:34:49","slug":"elementor-2498","status":"publish","type":"page","link":"https:\/\/br-ag.com\/en\/elementor-2498\/","title":{"rendered":"BC Start guide"},"content":{"rendered":"<div data-elementor-type=\"wp-page\" data-elementor-id=\"2498\" class=\"elementor elementor-2498\" data-elementor-post-type=\"page\">\n\t\t\t\t<div class=\"elementor-element elementor-element-39608c5 e-flex e-con-boxed e-con e-parent\" data-id=\"39608c5\" data-element_type=\"container\" data-settings=\"{&quot;_ha_eqh_enable&quot;:false}\">\n\t\t\t\t\t<div class=\"e-con-inner\">\n\t\t\t\t<div class=\"elementor-element elementor-element-cbf20e7 ekit_wpForms_container-form-button-custom elementor-widget elementor-widget-elementskit-wp-forms\" data-id=\"cbf20e7\" data-element_type=\"widget\" data-widget_type=\"elementskit-wp-forms.default\">\n\t\t\t\t<div class=\"elementor-widget-container\">\n\t\t\t\t\t<div class=\"ekit-wid-con ekit_wpForms_container\"><style id=\"wpforms-css-vars-2495\">\n\t\t\t\t#wpforms-2495 {\n\t\t\t\t--wpforms-container-padding: 0px;\n--wpforms-container-border-width: 1px;\n--wpforms-container-border-radius: 3px;\n--wpforms-background-color: rgba(0, 0, 0, 0);\n--wpforms-field-size-input-height: 43px;\n--wpforms-field-size-input-spacing: 15px;\n--wpforms-field-size-font-size: 16px;\n--wpforms-field-size-line-height: 19px;\n--wpforms-field-size-padding-h: 14px;\n--wpforms-field-size-checkbox-size: 16px;\n--wpforms-field-size-sublabel-spacing: 5px;\n--wpforms-field-size-icon-size: 1;\n--wpforms-label-size-font-size: 16px;\n--wpforms-label-size-line-height: 19px;\n--wpforms-label-size-sublabel-font-size: 14px;\n--wpforms-label-size-sublabel-line-height: 17px;\n--wpforms-button-size-font-size: 17px;\n--wpforms-button-size-height: 41px;\n--wpforms-button-size-padding-h: 15px;\n--wpforms-button-size-margin-top: 10px;\n--wpforms-container-shadow-size-box-shadow: none;\n\t\t\t}\n\t\t\t<\/style><div class=\"wpforms-container wpforms-container-full wpforms-render-modern\" id=\"wpforms-2495\"><form id=\"wpforms-form-2495\" class=\"wpforms-validate wpforms-form wpforms-ajax-form\" data-formid=\"2495\" method=\"post\" enctype=\"multipart\/form-data\" action=\"\/en\/elementor-2498\/\" data-token=\"d6f212c9c668b9ec4955e5fdce4a7f34\" data-token-time=\"1777631947\" data-trp-original-action=\"\/en\/elementor-2498\/\"><noscript class=\"wpforms-error-noscript\" data-no-translation=\"\" data-trp-gettext=\"\">Please enable JavaScript in your browser to complete this form.<\/noscript><div id=\"wpforms-error-noscript\" style=\"display: none;\" data-no-translation=\"\" data-trp-gettext=\"\">Please enable JavaScript in your browser to complete this form.<\/div><div class=\"wpforms-field-container\"><div id=\"wpforms-2495-field_19-container\" class=\"wpforms-field wpforms-field-name\" data-field-id=\"19\"><fieldset><legend class=\"wpforms-field-label\">Name <span class=\"wpforms-required-label\" aria-hidden=\"true\">*<\/span><\/legend><div class=\"wpforms-field-row wpforms-field-medium\"><div class=\"wpforms-field-row-block wpforms-first wpforms-one-half\"><input type=\"text\" id=\"wpforms-2495-field_19\" class=\"wpforms-field-name-first wpforms-field-required\" name=\"wpforms[fields][19][first]\" aria-errormessage=\"wpforms-2495-field_19-error\" required><label for=\"wpforms-2495-field_19\" class=\"wpforms-field-sublabel after\" data-no-translation=\"\" data-trp-gettext=\"\">First<\/label><\/div><div class=\"wpforms-field-row-block wpforms-one-half\"><input type=\"text\" id=\"wpforms-2495-field_19-last\" class=\"wpforms-field-name-last wpforms-field-required\" name=\"wpforms[fields][19][last]\" aria-errormessage=\"wpforms-2495-field_19-last-error\" required><label for=\"wpforms-2495-field_19-last\" class=\"wpforms-field-sublabel after\" data-no-translation=\"\" data-trp-gettext=\"\">Last<\/label><\/div><\/div><\/fieldset><\/div><div id=\"wpforms-2495-field_20-container\" class=\"wpforms-field wpforms-field-email\" data-field-id=\"20\"><label class=\"wpforms-field-label\" for=\"wpforms-2495-field_20\">Email <span class=\"wpforms-required-label\" aria-hidden=\"true\">*<\/span><\/label><input type=\"email\" id=\"wpforms-2495-field_20\" class=\"wpforms-field-medium wpforms-field-required\" name=\"wpforms[fields][20]\" spellcheck=\"false\" aria-errormessage=\"wpforms-2495-field_20-error\" required><\/div><div id=\"wpforms-2495-field_21-container\" class=\"wpforms-field wpforms-field-number\" data-field-id=\"21\"><label class=\"wpforms-field-label\" for=\"wpforms-2495-field_21\">Telefonnummer<\/label><input type=\"number\" id=\"wpforms-2495-field_21\" class=\"wpforms-field-medium\" name=\"wpforms[fields][21]\" step=\"any\" aria-errormessage=\"wpforms-2495-field_21-error\" ><\/div><div id=\"wpforms-2495-field_27-container\" class=\"wpforms-field wpforms-field-text\" data-field-id=\"27\"><label class=\"wpforms-field-label\" for=\"wpforms-2495-field_27\">Unternehmensname<\/label><input type=\"text\" id=\"wpforms-2495-field_27\" class=\"wpforms-field-medium\" name=\"wpforms[fields][27]\" aria-errormessage=\"wpforms-2495-field_27-error\" ><\/div><div id=\"wpforms-2495-field_11-container\" class=\"wpforms-field wpforms-field-text\" data-field-id=\"11\"><label class=\"wpforms-field-label\" for=\"wpforms-2495-field_11\">Funktion<\/label><input type=\"text\" id=\"wpforms-2495-field_11\" class=\"wpforms-field-medium\" name=\"wpforms[fields][11]\" aria-errormessage=\"wpforms-2495-field_11-error\" ><\/div><div id=\"wpforms-2495-field_3-container\" class=\"wpforms-field wpforms-field-text\" data-field-id=\"3\"><label class=\"wpforms-field-label\" for=\"wpforms-2495-field_3\">In welcher Branche ist Ihr Unternehmen haupts\u00e4chlich t\u00e4tig?<\/label><input type=\"text\" id=\"wpforms-2495-field_3\" class=\"wpforms-field-medium\" name=\"wpforms[fields][3]\" aria-errormessage=\"wpforms-2495-field_3-error\" ><\/div><div id=\"wpforms-2495-field_7-container\" class=\"wpforms-field wpforms-field-text\" data-field-id=\"7\"><label class=\"wpforms-field-label\" for=\"wpforms-2495-field_7\">Welche Schnittstellen zu bestehenden Systemen ben\u00f6tigen Sie?<\/label><input type=\"text\" id=\"wpforms-2495-field_7\" class=\"wpforms-field-medium\" name=\"wpforms[fields][7]\" aria-errormessage=\"wpforms-2495-field_7-error\" ><\/div><div id=\"wpforms-2495-field_8-container\" class=\"wpforms-field wpforms-field-text\" data-field-id=\"8\"><label class=\"wpforms-field-label\" for=\"wpforms-2495-field_8\">Nennen Sie uns die Anzahl der Mitarbeiter:<\/label><input type=\"text\" id=\"wpforms-2495-field_8\" class=\"wpforms-field-medium\" name=\"wpforms[fields][8]\" aria-errormessage=\"wpforms-2495-field_8-error\" ><\/div><div id=\"wpforms-2495-field_9-container\" class=\"wpforms-field wpforms-field-text\" data-field-id=\"9\"><label class=\"wpforms-field-label\" for=\"wpforms-2495-field_9\">Wie viele ERP-User haben Sie oder sind geplant?<\/label><input type=\"text\" id=\"wpforms-2495-field_9\" class=\"wpforms-field-medium\" name=\"wpforms[fields][9]\" aria-errormessage=\"wpforms-2495-field_9-error\" ><\/div><div id=\"wpforms-2495-field_10-container\" class=\"wpforms-field wpforms-field-text\" data-field-id=\"10\"><label class=\"wpforms-field-label\" for=\"wpforms-2495-field_10\">Welches Budget steht Ihnen zur Verf\u00fcgung?<\/label><input type=\"text\" id=\"wpforms-2495-field_10\" class=\"wpforms-field-medium\" name=\"wpforms[fields][10]\" aria-errormessage=\"wpforms-2495-field_10-error\" ><\/div><div id=\"wpforms-2495-field_24-container\" class=\"wpforms-field wpforms-field-checkbox\" data-field-id=\"24\"><fieldset><legend class=\"wpforms-field-label\">Welche Dienstleitungen w\u00fcnschen Sie sich?<\/legend><ul id=\"wpforms-2495-field_24\"><li class=\"choice-1 depth-1\"><input type=\"checkbox\" id=\"wpforms-2495-field_24_1\" name=\"wpforms[fields][24][]\" value=\"Beratung\" aria-errormessage=\"wpforms-2495-field_24_1-error\"  ><label class=\"wpforms-field-label-inline\" for=\"wpforms-2495-field_24_1\">Beratung<\/label><\/li><li class=\"choice-2 depth-1\"><input type=\"checkbox\" id=\"wpforms-2495-field_24_2\" name=\"wpforms[fields][24][]\" value=\"Entwicklung\/ Customizing\" aria-errormessage=\"wpforms-2495-field_24_2-error\"  ><label class=\"wpforms-field-label-inline\" for=\"wpforms-2495-field_24_2\">Entwicklung\/ Customizing<\/label><\/li><li class=\"choice-3 depth-1\"><input type=\"checkbox\" id=\"wpforms-2495-field_24_3\" name=\"wpforms[fields][24][]\" value=\"Technologie &amp; Serviceinfrastruktur\" aria-errormessage=\"wpforms-2495-field_24_3-error\"  ><label class=\"wpforms-field-label-inline\" for=\"wpforms-2495-field_24_3\">Technologie &amp; Serviceinfrastruktur<\/label><\/li><li class=\"choice-6 depth-1\"><input type=\"checkbox\" id=\"wpforms-2495-field_24_6\" name=\"wpforms[fields][24][]\" value=\"Hosting in Deutschland\" aria-errormessage=\"wpforms-2495-field_24_6-error\"  ><label class=\"wpforms-field-label-inline\" for=\"wpforms-2495-field_24_6\">Hosting in Deutschland<\/label><\/li><li class=\"choice-5 depth-1\"><input type=\"checkbox\" id=\"wpforms-2495-field_24_5\" name=\"wpforms[fields][24][]\" value=\"Schulung &amp; Workshops\" aria-errormessage=\"wpforms-2495-field_24_5-error\"  ><label class=\"wpforms-field-label-inline\" for=\"wpforms-2495-field_24_5\">Schulung &amp; Workshops<\/label><\/li><li class=\"choice-4 depth-1\"><input type=\"checkbox\" id=\"wpforms-2495-field_24_4\" name=\"wpforms[fields][24][]\" value=\"Wartung &amp; Support\" aria-errormessage=\"wpforms-2495-field_24_4-error\"  ><label class=\"wpforms-field-label-inline\" for=\"wpforms-2495-field_24_4\">Wartung &amp; Support<\/label><\/li><\/ul><\/fieldset><\/div><div id=\"wpforms-2495-field_13-container\" class=\"wpforms-field wpforms-field-radio\" data-field-id=\"13\"><fieldset><legend class=\"wpforms-field-label\">Wie soll das System bereitgestellt werden?<\/legend><ul id=\"wpforms-2495-field_13\"><li class=\"choice-1 depth-1\"><input type=\"radio\" id=\"wpforms-2495-field_13_1\" name=\"wpforms[fields][13]\" value=\"lokal \/ on premise\" aria-errormessage=\"wpforms-2495-field_13_1-error\"  ><label class=\"wpforms-field-label-inline\" for=\"wpforms-2495-field_13_1\">lokal \/ on premise<\/label><\/li><li class=\"choice-2 depth-1\"><input type=\"radio\" id=\"wpforms-2495-field_13_2\" name=\"wpforms[fields][13]\" value=\"Cloud\" aria-errormessage=\"wpforms-2495-field_13_2-error\"  ><label class=\"wpforms-field-label-inline\" for=\"wpforms-2495-field_13_2\">Cloud<\/label><\/li><li class=\"choice-3 depth-1\"><input type=\"radio\" id=\"wpforms-2495-field_13_3\" name=\"wpforms[fields][13]\" value=\"noch nicht entschieden\" aria-errormessage=\"wpforms-2495-field_13_3-error\"  ><label class=\"wpforms-field-label-inline\" for=\"wpforms-2495-field_13_3\">noch nicht entschieden<\/label><\/li><\/ul><\/fieldset><\/div><div id=\"wpforms-2495-field_23-container\" class=\"wpforms-field wpforms-field-checkbox\" data-field-id=\"23\"><fieldset><legend class=\"wpforms-field-label\">Welche Funktionsbereiche sollen abgedeckt werden?<\/legend><ul id=\"wpforms-2495-field_23\"><li class=\"choice-1 depth-1\"><input type=\"checkbox\" id=\"wpforms-2495-field_23_1\" name=\"wpforms[fields][23][]\" value=\"Finanzmanagement\" aria-errormessage=\"wpforms-2495-field_23_1-error\"  ><label class=\"wpforms-field-label-inline\" for=\"wpforms-2495-field_23_1\">Finanzmanagement<\/label><\/li><li class=\"choice-2 depth-1\"><input type=\"checkbox\" id=\"wpforms-2495-field_23_2\" name=\"wpforms[fields][23][]\" value=\"Einkauf &amp; Beschaffung\" aria-errormessage=\"wpforms-2495-field_23_2-error\"  ><label class=\"wpforms-field-label-inline\" for=\"wpforms-2495-field_23_2\">Einkauf &amp; Beschaffung<\/label><\/li><li class=\"choice-3 depth-1\"><input type=\"checkbox\" id=\"wpforms-2495-field_23_3\" name=\"wpforms[fields][23][]\" value=\"Lager &amp; Logistik\" aria-errormessage=\"wpforms-2495-field_23_3-error\"  ><label class=\"wpforms-field-label-inline\" for=\"wpforms-2495-field_23_3\">Lager &amp; Logistik<\/label><\/li><li class=\"choice-7 depth-1\"><input type=\"checkbox\" id=\"wpforms-2495-field_23_7\" name=\"wpforms[fields][23][]\" value=\"Produktion &amp; Fertigung\" aria-errormessage=\"wpforms-2495-field_23_7-error\"  ><label class=\"wpforms-field-label-inline\" for=\"wpforms-2495-field_23_7\">Produktion &amp; Fertigung<\/label><\/li><li class=\"choice-6 depth-1\"><input type=\"checkbox\" id=\"wpforms-2495-field_23_6\" name=\"wpforms[fields][23][]\" value=\"Vertrieb &amp; Marketing\" aria-errormessage=\"wpforms-2495-field_23_6-error\"  ><label class=\"wpforms-field-label-inline\" for=\"wpforms-2495-field_23_6\">Vertrieb &amp; Marketing<\/label><\/li><li class=\"choice-5 depth-1\"><input type=\"checkbox\" id=\"wpforms-2495-field_23_5\" name=\"wpforms[fields][23][]\" value=\"Projektmanagement\" aria-errormessage=\"wpforms-2495-field_23_5-error\"  ><label class=\"wpforms-field-label-inline\" for=\"wpforms-2495-field_23_5\">Projektmanagement<\/label><\/li><li class=\"choice-4 depth-1\"><input type=\"checkbox\" id=\"wpforms-2495-field_23_4\" name=\"wpforms[fields][23][]\" value=\"Servicemanagement\" aria-errormessage=\"wpforms-2495-field_23_4-error\"  ><label class=\"wpforms-field-label-inline\" for=\"wpforms-2495-field_23_4\">Servicemanagement<\/label><\/li><\/ul><\/fieldset><\/div><div id=\"wpforms-2495-field_25-container\" class=\"wpforms-field wpforms-field-checkbox\" data-field-id=\"25\"><fieldset><legend class=\"wpforms-field-label\">Welche Ziele verfolgen Sie mit einem neuen ERP-System?<\/legend><ul id=\"wpforms-2495-field_25\"><li class=\"choice-1 depth-1\"><input type=\"checkbox\" id=\"wpforms-2495-field_25_1\" name=\"wpforms[fields][25][]\" value=\"Wachstum besser steuern\" aria-errormessage=\"wpforms-2495-field_25_1-error\"  ><label class=\"wpforms-field-label-inline\" for=\"wpforms-2495-field_25_1\">Wachstum besser steuern<\/label><\/li><li class=\"choice-2 depth-1\"><input type=\"checkbox\" id=\"wpforms-2495-field_25_2\" name=\"wpforms[fields][25][]\" value=\"Bessere Transparenz\/Reporting\" aria-errormessage=\"wpforms-2495-field_25_2-error\"  ><label class=\"wpforms-field-label-inline\" for=\"wpforms-2495-field_25_2\">Bessere Transparenz\/Reporting<\/label><\/li><li class=\"choice-5 depth-1\"><input type=\"checkbox\" id=\"wpforms-2495-field_25_5\" name=\"wpforms[fields][25][]\" value=\"Prozesse automatisieren\" aria-errormessage=\"wpforms-2495-field_25_5-error\"  ><label class=\"wpforms-field-label-inline\" for=\"wpforms-2495-field_25_5\">Prozesse automatisieren<\/label><\/li><li class=\"choice-3 depth-1\"><input type=\"checkbox\" id=\"wpforms-2495-field_25_3\" name=\"wpforms[fields][25][]\" value=\"Kosten senken\" aria-errormessage=\"wpforms-2495-field_25_3-error\"  ><label class=\"wpforms-field-label-inline\" for=\"wpforms-2495-field_25_3\">Kosten senken<\/label><\/li><li class=\"choice-4 depth-1\"><input type=\"checkbox\" id=\"wpforms-2495-field_25_4\" name=\"wpforms[fields][25][]\" value=\"Sonstiges: Bitte eingeben\" aria-errormessage=\"wpforms-2495-field_25_4-error\"  ><label class=\"wpforms-field-label-inline\" for=\"wpforms-2495-field_25_4\">Sonstiges: Bitte eingeben<\/label><\/li><\/ul><\/fieldset><\/div><div id=\"wpforms-2495-field_16-container\" class=\"wpforms-field wpforms-field-text\" data-field-id=\"16\"><label class=\"wpforms-field-label\" for=\"wpforms-2495-field_16\">Sonstiges<\/label><input type=\"text\" id=\"wpforms-2495-field_16\" class=\"wpforms-field-medium\" name=\"wpforms[fields][16]\" aria-errormessage=\"wpforms-2495-field_16-error\" ><\/div>\t\t<div id=\"wpforms-2495-field_1-container\"\n\t\t\tclass=\"wpforms-field wpforms-field-text\"\n\t\t\tdata-field-type=\"text\"\n\t\t\tdata-field-id=\"1\"\n\t\t\t>\n\t\t\t<label class=\"wpforms-field-label\" for=\"wpforms-2495-field_1\" >Ziele ERP-System? sollen<\/label>\n\t\t\t<input type=\"text\" id=\"wpforms-2495-field_1\" class=\"wpforms-field-medium\" name=\"wpforms[fields][1]\" >\n\t\t<\/div>\n\t\t<div id=\"wpforms-2495-field_26-container\" class=\"wpforms-field wpforms-field-checkbox\" data-field-id=\"26\"><fieldset><legend class=\"wpforms-field-label\">Welche ERP-L\u00f6sung nutzen Sie derzeit?<\/legend><ul id=\"wpforms-2495-field_26\"><li class=\"choice-1 depth-1\"><input type=\"checkbox\" id=\"wpforms-2495-field_26_1\" name=\"wpforms[fields][26][]\" value=\"Microsoft Dynamics NAV\" aria-errormessage=\"wpforms-2495-field_26_1-error\"  ><label class=\"wpforms-field-label-inline\" for=\"wpforms-2495-field_26_1\">Microsoft Dynamics NAV<\/label><\/li><li class=\"choice-2 depth-1\"><input type=\"checkbox\" id=\"wpforms-2495-field_26_2\" name=\"wpforms[fields][26][]\" value=\"anderes ERP System\" aria-errormessage=\"wpforms-2495-field_26_2-error\"  ><label class=\"wpforms-field-label-inline\" for=\"wpforms-2495-field_26_2\">anderes ERP System<\/label><\/li><li class=\"choice-3 depth-1\"><input type=\"checkbox\" id=\"wpforms-2495-field_26_3\" name=\"wpforms[fields][26][]\" value=\"keine ERP-L\u00f6sung\" aria-errormessage=\"wpforms-2495-field_26_3-error\"  ><label class=\"wpforms-field-label-inline\" for=\"wpforms-2495-field_26_3\">keine ERP-L\u00f6sung<\/label><\/li><\/ul><\/fieldset><\/div><div id=\"wpforms-2495-field_18-container\" class=\"wpforms-field wpforms-field-radio\" data-field-id=\"18\"><fieldset><legend class=\"wpforms-field-label\">Welchen Zeitraum f\u00fcr die Einf\u00fchrung haben Sie geplant?<\/legend><ul id=\"wpforms-2495-field_18\"><li class=\"choice-1 depth-1\"><input type=\"radio\" id=\"wpforms-2495-field_18_1\" name=\"wpforms[fields][18]\" value=\"In 3-6 Monaten\" aria-errormessage=\"wpforms-2495-field_18_1-error\"  ><label class=\"wpforms-field-label-inline\" for=\"wpforms-2495-field_18_1\">In 3-6 Monaten<\/label><\/li><li class=\"choice-2 depth-1\"><input type=\"radio\" id=\"wpforms-2495-field_18_2\" name=\"wpforms[fields][18]\" value=\"In 6-12 Monaten\" aria-errormessage=\"wpforms-2495-field_18_2-error\"  ><label class=\"wpforms-field-label-inline\" for=\"wpforms-2495-field_18_2\">In 6-12 Monaten<\/label><\/li><li class=\"choice-3 depth-1\"><input type=\"radio\" id=\"wpforms-2495-field_18_3\" name=\"wpforms[fields][18]\" value=\"Noch unklar\" aria-errormessage=\"wpforms-2495-field_18_3-error\"  ><label class=\"wpforms-field-label-inline\" for=\"wpforms-2495-field_18_3\">Noch unklar<\/label><\/li><\/ul><\/fieldset><\/div><div id=\"wpforms-2495-field_6-container\" class=\"wpforms-field wpforms-field-textarea\" data-field-id=\"6\"><label class=\"wpforms-field-label\" for=\"wpforms-2495-field_6\">Fragen oder Anmerkungen<\/label><textarea id=\"wpforms-2495-field_6\" class=\"wpforms-field-medium\" name=\"wpforms[fields][6]\" aria-errormessage=\"wpforms-2495-field_6-error\" ><\/textarea><\/div><script>\n\t\t\t\t( function() {\n\t\t\t\t\tconst style = document.createElement( 'style' );\n\t\t\t\t\tstyle.appendChild( document.createTextNode( '#wpforms-2495-field_1-container { position: absolute !important; overflow: hidden !important; display: inline !important; height: 1px !important; width: 1px !important; z-index: -1000 !important; padding: 0 !important; } #wpforms-2495-field_1-container input { visibility: hidden; } #wpforms-conversational-form-page #wpforms-2495-field_1-container label { counter-increment: none; }' ) );\n\t\t\t\t\tdocument.head.appendChild( style );\n\t\t\t\t\tdocument.currentScript?.remove();\n\t\t\t\t} )();\n\t\t\t<\/script><\/div><!-- .wpforms-field-container --><div class=\"wpforms-submit-container\" ><input type=\"hidden\" name=\"wpforms[id]\" value=\"2495\"><input type=\"hidden\" name=\"page_title\" value=\"BC Start guide\"><input type=\"hidden\" name=\"page_url\" value=\"https:\/\/br-ag.com\/en\/elementor-2498\/\"><input type=\"hidden\" name=\"url_referer\" value=\"https:\/\/br-ag.com\/en\/?p=2498\"><input type=\"hidden\" name=\"page_id\" value=\"2498\"><input type=\"hidden\" name=\"wpforms[post_id]\" value=\"2498\"><button type=\"submit\" name=\"wpforms[submit]\" id=\"wpforms-submit-2495\" class=\"wpforms-submit\" data-alt-text=\"Sending...\" data-submit-text=\"Submit\" aria-live=\"assertive\" value=\"wpforms-submit\">Submit<\/button><img decoding=\"async\" src=\"https:\/\/br-ag.com\/wp-content\/plugins\/wpforms-lite\/assets\/images\/submit-spin.svg\" class=\"wpforms-submit-spinner\" style=\"display: none;\" width=\"26\" height=\"26\" alt=\"Loading\" data-no-translation-alt=\"\"><\/div><input type=\"hidden\" name=\"trp-form-language\" value=\"en\"\/><\/form><\/div>  <!-- .wpforms-container --><\/div>\t\t\t\t<\/div>\n\t\t\t\t<\/div>\n\t\t\t\t\t<\/div>\n\t\t\t\t<\/div>\n\t\t\t\t<\/div>","protected":false},"excerpt":{"rendered":"<p>Please enable JavaScript in your browser to complete this form.Please enable JavaScript in your browser to complete this form. Name * FirstLast Email *TelefonnummerUnternehmensnameFunktionIn welcher Branche ist Ihr Unternehmen haupts\u00e4chlich t\u00e4tig?Welche Schnittstellen zu bestehenden Systemen ben\u00f6tigen Sie?Nennen Sie uns die Anzahl der Mitarbeiter:Wie viele ERP-User haben Sie oder sind geplant?Welches Budget steht Ihnen zur Verf\u00fcgung? [&hellip;]<\/p>","protected":false},"author":1,"featured_media":0,"parent":0,"menu_order":0,"comment_status":"closed","ping_status":"closed","template":"","meta":{"_seopress_robots_primary_cat":"","_seopress_titles_title":"","_seopress_titles_desc":"","_seopress_robots_index":"","footnotes":""},"categories":[],"tags":[],"class_list":["post-2498","page","type-page","status-publish","hentry"],"_links":{"self":[{"href":"https:\/\/br-ag.com\/en\/wp-json\/wp\/v2\/pages\/2498","targetHints":{"allow":["GET"]}}],"collection":[{"href":"https:\/\/br-ag.com\/en\/wp-json\/wp\/v2\/pages"}],"about":[{"href":"https:\/\/br-ag.com\/en\/wp-json\/wp\/v2\/types\/page"}],"author":[{"embeddable":true,"href":"https:\/\/br-ag.com\/en\/wp-json\/wp\/v2\/users\/1"}],"replies":[{"embeddable":true,"href":"https:\/\/br-ag.com\/en\/wp-json\/wp\/v2\/comments?post=2498"}],"version-history":[{"count":5,"href":"https:\/\/br-ag.com\/en\/wp-json\/wp\/v2\/pages\/2498\/revisions"}],"predecessor-version":[{"id":2505,"href":"https:\/\/br-ag.com\/en\/wp-json\/wp\/v2\/pages\/2498\/revisions\/2505"}],"wp:attachment":[{"href":"https:\/\/br-ag.com\/en\/wp-json\/wp\/v2\/media?parent=2498"}],"wp:term":[{"taxonomy":"category","embeddable":true,"href":"https:\/\/br-ag.com\/en\/wp-json\/wp\/v2\/categories?post=2498"},{"taxonomy":"post_tag","embeddable":true,"href":"https:\/\/br-ag.com\/en\/wp-json\/wp\/v2\/tags?post=2498"}],"curies":[{"name":"wp","href":"https:\/\/api.w.org\/{rel}","templated":true}]}}