{"id":194,"date":"2015-09-03T09:24:32","date_gmt":"2015-09-03T09:24:32","guid":{"rendered":"http:\/\/xn--bartolomerderag-itb.apps-1and1.net\/?page_id=194"},"modified":"2015-09-03T09:24:32","modified_gmt":"2015-09-03T09:24:32","slug":"individuelle-supportvereinbarung","status":"publish","type":"page","link":"https:\/\/br-ag.com\/en\/kontakt\/individuelle-supportvereinbarung\/","title":{"rendered":"Individuelle Supportvereinbarung"},"content":{"rendered":"<h2>Service level, billing form, communication channels, approval levels, runtimes:<br \/>\nYou define your requirements - we implement them!<\/h2>\n<p>Please fill out the form to find out more about our individual support agreements.<\/p>\n<h2>Contact form<\/h2>\n<p>[contact-form-7 id=\"180\u2033 title=\"Support agreement\"]<\/p>","protected":false},"excerpt":{"rendered":"<p>Servicelevel, Abrechungsform, Kommunikationswege, Genehmigungsstufen, Laufzeiten: Sie definieren Ihre Anforderungen \u2013 wir setzen sie um! Bitte f\u00fcllen das Formular aus, um mehr \u00fcber unsere Individuellen Supportvereinbahrungen zu erfahren. Kontaktformular [contact-form-7 id=&#8220;180&#8243; title=&#8220;Supportvereinbarung&#8220;]<\/p>","protected":false},"author":1,"featured_media":0,"parent":12,"menu_order":0,"comment_status":"closed","ping_status":"closed","template":"","meta":{"_seopress_robots_primary_cat":"","_seopress_titles_title":"Individuelle Supportvereinbarungen entdecken","_seopress_titles_desc":"Erfahren Sie mehr \u00fcber Servicelevel, Abrechnungsformen & Laufzeiten. F\u00fcllen Sie unser Formular aus und gestalten Sie Ihre perfekte Supportl\u00f6sung!","_seopress_robots_index":"","footnotes":""},"categories":[],"tags":[],"class_list":["post-194","page","type-page","status-publish","hentry"],"_links":{"self":[{"href":"https:\/\/br-ag.com\/en\/wp-json\/wp\/v2\/pages\/194","targetHints":{"allow":["GET"]}}],"collection":[{"href":"https:\/\/br-ag.com\/en\/wp-json\/wp\/v2\/pages"}],"about":[{"href":"https:\/\/br-ag.com\/en\/wp-json\/wp\/v2\/types\/page"}],"author":[{"embeddable":true,"href":"https:\/\/br-ag.com\/en\/wp-json\/wp\/v2\/users\/1"}],"replies":[{"embeddable":true,"href":"https:\/\/br-ag.com\/en\/wp-json\/wp\/v2\/comments?post=194"}],"version-history":[{"count":0,"href":"https:\/\/br-ag.com\/en\/wp-json\/wp\/v2\/pages\/194\/revisions"}],"up":[{"embeddable":true,"href":"https:\/\/br-ag.com\/en\/wp-json\/wp\/v2\/pages\/12"}],"wp:attachment":[{"href":"https:\/\/br-ag.com\/en\/wp-json\/wp\/v2\/media?parent=194"}],"wp:term":[{"taxonomy":"category","embeddable":true,"href":"https:\/\/br-ag.com\/en\/wp-json\/wp\/v2\/categories?post=194"},{"taxonomy":"post_tag","embeddable":true,"href":"https:\/\/br-ag.com\/en\/wp-json\/wp\/v2\/tags?post=194"}],"curies":[{"name":"wp","href":"https:\/\/api.w.org\/{rel}","templated":true}]}}