{"id":127,"date":"2015-08-31T11:33:02","date_gmt":"2015-08-31T11:33:02","guid":{"rendered":"http:\/\/xn--bartolomerderag-itb.apps-1and1.net\/?page_id=127"},"modified":"2025-10-13T10:29:51","modified_gmt":"2025-10-13T08:29:51","slug":"berater-fuer-microsoft-dynamics-navision","status":"publish","type":"page","link":"https:\/\/br-ag.com\/en\/karriere\/berater-fuer-microsoft-dynamics-navision\/","title":{"rendered":"IT Consultant MS Dynamics Business Central\/ NAV (m\/f\/d)"},"content":{"rendered":"<div data-elementor-type=\"wp-page\" data-elementor-id=\"127\" class=\"elementor elementor-127\" data-elementor-post-type=\"page\">\n\t\t\t\t<div class=\"elementor-element elementor-element-6ae8400d e-flex e-con-boxed e-con e-parent\" data-id=\"6ae8400d\" data-element_type=\"container\" data-settings=\"{&quot;_ha_eqh_enable&quot;:false}\">\n\t\t\t\t\t<div class=\"e-con-inner\">\n\t\t\t\t<div class=\"elementor-element elementor-element-14db3daa elementor-widget elementor-widget-text-editor\" data-id=\"14db3daa\" data-element_type=\"widget\" data-widget_type=\"text-editor.default\">\n\t\t\t\t\t\t\t\t\t<p>Do you have a flair for digital processes and complex IT structures and are you looking for a challenge where you can actively contribute to the optimization of business software and the solution of individual customer requirements?<\/p>\n<p>Then this is the perfect opportunity for you!<\/p>\n<p>Location: Munich hybrid<\/p>\n<p>\u00a0<\/p>\n<p>\u00a0<\/p>\n<h2>Your tasks<\/h2>\n<ul>\n<li>You will carry out exciting MS Dynamics BC projects and support customers from the <br \/>System presentation through to implementation<\/li>\n<li>In close cooperation with our customers, you will analyze and optimize their processes and <br \/>develop customized solutions<\/li>\n<li>You support the implementation of br-AG products and continuously develop them further<\/li>\n<li>Through your support, you ensure that the implemented solutions run smoothly and that <br \/>offer our customers real added value<\/li>\n<\/ul>\n<div>\u00a0<\/div>\n<h2>What you bring with you<\/h2>\n<ul>\n<li>Experience with MS Dynamics BC\/Nav or in IT consulting and process management is a plus. <br \/>Advantage<\/li>\n<li>A degree in business informatics, computer science or training in information technology with <br \/>Focus on application development is desirable<\/li>\n<li>You have knowledge of AL\/CAL development, C#, Microsoft SQL Server, Azure DevOps and Git<\/li>\n<li>You are characterized by strong communication skills, independence and the ability to work in a team<\/li>\n<li>You have a good analytical understanding of complex structures and find solutions quickly, <br \/>even with challenging issues<\/li>\n<\/ul>\n<div>\u00a0<\/div>\n<h2>What you are offered<\/h2>\n<ul>\n<li>Top employer with 4.9 stars on Kununu with flexible working hours - on site in Munich, in <br \/>Variety with remote work or sometimes a workstation in the EU<\/li>\n<li>Flat hierarchies with a direct line to the Management Board and a hands-on mentality: here, everyone is a part of the team. <br \/>important. The focus is on personal initiative and teamwork<\/li>\n<li>Meaningful and qualitative work: You not only pursue goals, but also create long-term <br \/>Partnerships based on integrity and authenticity<\/li>\n<li>Long-term prospects - with sustainable growth and further training opportunities instead of short-term hype<\/li>\n<li>Attractive benefits - including a voucher card, company pension scheme, Germany ticket and much more.<\/li>\n<\/ul>\n<p><\/p>\n<p><\/p>\t\t\t\t\t\t\t\t<\/div>\n\t\t\t\t\t<\/div>\n\t\t\t\t<\/div>\n\t\t\t\t<\/div>","protected":false},"excerpt":{"rendered":"<p>Do you have a flair for digital processes and complex IT structures and are you looking for a challenge where you can actively contribute to the optimization of business software and the solution of individual customer requirements?<\/p>","protected":false},"author":1,"featured_media":1790,"parent":59,"menu_order":0,"comment_status":"closed","ping_status":"closed","template":"","meta":{"_seopress_robots_primary_cat":"","_seopress_titles_title":"Starte mit MS Dynamics BC durch in M\u00fcnchen hybrid","_seopress_titles_desc":"Entwickle ma\u00dfgeschneiderte Softwarel\u00f6sungen in M\u00fcnchen. Werde Teil eines top Unternehmens und f\u00f6rdere digitale Prozesse mit MS Dynamics BC!","_seopress_robots_index":"","footnotes":""},"categories":[11],"tags":[],"class_list":["post-127","page","type-page","status-publish","has-post-thumbnail","hentry","category-aktive-stellenausschreibungen"],"_links":{"self":[{"href":"https:\/\/br-ag.com\/en\/wp-json\/wp\/v2\/pages\/127","targetHints":{"allow":["GET"]}}],"collection":[{"href":"https:\/\/br-ag.com\/en\/wp-json\/wp\/v2\/pages"}],"about":[{"href":"https:\/\/br-ag.com\/en\/wp-json\/wp\/v2\/types\/page"}],"author":[{"embeddable":true,"href":"https:\/\/br-ag.com\/en\/wp-json\/wp\/v2\/users\/1"}],"replies":[{"embeddable":true,"href":"https:\/\/br-ag.com\/en\/wp-json\/wp\/v2\/comments?post=127"}],"version-history":[{"count":9,"href":"https:\/\/br-ag.com\/en\/wp-json\/wp\/v2\/pages\/127\/revisions"}],"predecessor-version":[{"id":2362,"href":"https:\/\/br-ag.com\/en\/wp-json\/wp\/v2\/pages\/127\/revisions\/2362"}],"up":[{"embeddable":true,"href":"https:\/\/br-ag.com\/en\/wp-json\/wp\/v2\/pages\/59"}],"wp:featuredmedia":[{"embeddable":true,"href":"https:\/\/br-ag.com\/en\/wp-json\/wp\/v2\/media\/1790"}],"wp:attachment":[{"href":"https:\/\/br-ag.com\/en\/wp-json\/wp\/v2\/media?parent=127"}],"wp:term":[{"taxonomy":"category","embeddable":true,"href":"https:\/\/br-ag.com\/en\/wp-json\/wp\/v2\/categories?post=127"},{"taxonomy":"post_tag","embeddable":true,"href":"https:\/\/br-ag.com\/en\/wp-json\/wp\/v2\/tags?post=127"}],"curies":[{"name":"wp","href":"https:\/\/api.w.org\/{rel}","templated":true}]}}