{"id":1101,"date":"2025-03-26T09:26:24","date_gmt":"2025-03-26T09:26:24","guid":{"rendered":"https:\/\/br-ag.com\/?page_id=1101"},"modified":"2025-03-26T09:26:24","modified_gmt":"2025-03-26T09:26:24","slug":"unsere-unternehmenskultur","status":"publish","type":"page","link":"https:\/\/br-ag.com\/en\/unternehmen\/unsere-unternehmenskultur\/","title":{"rendered":"Our corporate culture"},"content":{"rendered":"<p>With <strong>bartolome r\u00f6der AG <\/strong>we live a corporate culture that is based on six core values: Integrity, responsibility, freedom, appreciation, openness and foresight. These values guide us in our daily collaboration, in our decisions and in our dealings with one another. They create an environment in which we can develop, grow together and look to the future with confidence.<\/p>\n\n\n\n<div class=\"wp-block-columns is-layout-flex wp-container-core-columns-is-layout-28f84493 wp-block-columns-is-layout-flex\">\n<div class=\"wp-block-column is-layout-flow wp-block-column-is-layout-flow\">\n<div style=\"height:77px\" aria-hidden=\"true\" class=\"wp-block-spacer\"><\/div>\n\n\n\n<figure class=\"wp-block-image aligncenter size-full is-resized img-scale\"><img alt=\"\" fetchpriority=\"high\" decoding=\"async\" width=\"530\" height=\"512\" src=\"https:\/\/br-ag.com\/wp-content\/uploads\/2025\/03\/Icon-Integritaet-2.png\" class=\"wp-image-1159\" style=\"width:200px\" srcset=\"https:\/\/br-ag.com\/wp-content\/uploads\/2025\/03\/Icon-Integritaet-2.png 530w, https:\/\/br-ag.com\/wp-content\/uploads\/2025\/03\/Icon-Integritaet-2-300x290.png 300w\" sizes=\"(max-width: 530px) 100vw, 530px\" \/><\/figure>\n\n\n\n<h2 class=\"wp-block-heading has-text-align-center\">Integrity<\/h2>\n\n\n\n<p class=\"has-text-align-center\">We trust in the expertise of our employees and see ourselves as a partner to our customers, with whom we work together with commitment and innovation to ensure their success.<\/p>\n\n\n\n<hr class=\"wp-block-separator has-alpha-channel-opacity\"\/>\n<\/div>\n\n\n\n<div class=\"wp-block-column is-layout-flow wp-block-column-is-layout-flow\">\n<figure class=\"wp-block-image aligncenter size-full is-resized img-scale\"><img alt=\"\" decoding=\"async\" width=\"512\" height=\"512\" src=\"https:\/\/br-ag.com\/wp-content\/uploads\/2025\/03\/Icon-Verantwortung_01.png\" class=\"wp-image-1168\" style=\"width:200px\" srcset=\"https:\/\/br-ag.com\/wp-content\/uploads\/2025\/03\/Icon-Verantwortung_01.png 512w, https:\/\/br-ag.com\/wp-content\/uploads\/2025\/03\/Icon-Verantwortung_01-300x300.png 300w, https:\/\/br-ag.com\/wp-content\/uploads\/2025\/03\/Icon-Verantwortung_01-150x150.png 150w\" sizes=\"(max-width: 512px) 100vw, 512px\" \/><\/figure>\n\n\n\n<h2 class=\"wp-block-heading has-text-align-center\">Responsibility<\/h2>\n\n\n\n<p class=\"has-text-align-center\">Our employees take responsibility for their actions and results. We support them through coaching and training in order to deliver top quality at all times.<\/p>\n<\/div>\n\n\n\n<div class=\"wp-block-column is-layout-flow wp-block-column-is-layout-flow\">\n<div style=\"height:89px\" aria-hidden=\"true\" class=\"wp-block-spacer\"><\/div>\n\n\n\n<figure class=\"wp-block-image aligncenter size-full is-resized img-scale\"><img alt=\"\" decoding=\"async\" width=\"512\" height=\"512\" src=\"https:\/\/br-ag.com\/wp-content\/uploads\/2025\/03\/Icon-Freiheit_01.png\" class=\"wp-image-1163\" style=\"width:200px\" srcset=\"https:\/\/br-ag.com\/wp-content\/uploads\/2025\/03\/Icon-Freiheit_01.png 512w, https:\/\/br-ag.com\/wp-content\/uploads\/2025\/03\/Icon-Freiheit_01-300x300.png 300w, https:\/\/br-ag.com\/wp-content\/uploads\/2025\/03\/Icon-Freiheit_01-150x150.png 150w\" sizes=\"(max-width: 512px) 100vw, 512px\" \/><\/figure>\n\n\n\n<h2 class=\"wp-block-heading has-text-align-center\">Freedom<\/h2>\n\n\n\n<p class=\"has-text-align-center\">Our employees enjoy a high degree of freedom and flexibility with regard to where they work, their working hours and the organization of their activities.<\/p>\n<\/div>\n<\/div>\n\n\n\n<div class=\"wp-block-columns is-layout-flex wp-container-core-columns-is-layout-28f84493 wp-block-columns-is-layout-flex\">\n<div class=\"wp-block-column is-layout-flow wp-block-column-is-layout-flow\">\n<figure class=\"wp-block-image aligncenter size-full is-resized img-scale\"><img alt=\"\" loading=\"lazy\" decoding=\"async\" width=\"512\" height=\"512\" src=\"https:\/\/br-ag.com\/wp-content\/uploads\/2025\/03\/Icon-Wertschaetzung_01.png\" class=\"wp-image-1164\" style=\"width:200px\" srcset=\"https:\/\/br-ag.com\/wp-content\/uploads\/2025\/03\/Icon-Wertschaetzung_01.png 512w, https:\/\/br-ag.com\/wp-content\/uploads\/2025\/03\/Icon-Wertschaetzung_01-300x300.png 300w, https:\/\/br-ag.com\/wp-content\/uploads\/2025\/03\/Icon-Wertschaetzung_01-150x150.png 150w\" sizes=\"(max-width: 512px) 100vw, 512px\" \/><\/figure>\n\n\n\n<h2 class=\"wp-block-heading has-text-align-center\">Appreciation<\/h2>\n\n\n\n<p class=\"has-text-align-center\">We value and respect each other and work together as equals. There is room for ideas and wishes and decisions are communicated transparently.<\/p>\n<\/div>\n\n\n\n<div class=\"wp-block-column is-layout-flow wp-block-column-is-layout-flow\">\n<div style=\"height:74px\" aria-hidden=\"true\" class=\"wp-block-spacer\"><\/div>\n\n\n\n<figure class=\"wp-block-image aligncenter size-full is-resized img-scale\"><img alt=\"\" loading=\"lazy\" decoding=\"async\" width=\"512\" height=\"512\" src=\"https:\/\/br-ag.com\/wp-content\/uploads\/2025\/03\/Icon-Offenheit_02.png\" class=\"wp-image-1186\" style=\"width:200px\" srcset=\"https:\/\/br-ag.com\/wp-content\/uploads\/2025\/03\/Icon-Offenheit_02.png 512w, https:\/\/br-ag.com\/wp-content\/uploads\/2025\/03\/Icon-Offenheit_02-300x300.png 300w, https:\/\/br-ag.com\/wp-content\/uploads\/2025\/03\/Icon-Offenheit_02-150x150.png 150w\" sizes=\"(max-width: 512px) 100vw, 512px\" \/><\/figure>\n\n\n\n<h2 class=\"wp-block-heading has-text-align-center\">Openness<\/h2>\n\n\n\n<p class=\"has-text-align-center\">We encourage open and honest communication, feedback and a culture of learning from mistakes. Fair treatment of one another is a matter of course for us.<\/p>\n<\/div>\n\n\n\n<div class=\"wp-block-column is-layout-flow wp-block-column-is-layout-flow\">\n<figure class=\"wp-block-image aligncenter size-full is-resized img-scale\"><img alt=\"\" loading=\"lazy\" decoding=\"async\" width=\"512\" height=\"512\" src=\"https:\/\/br-ag.com\/wp-content\/uploads\/2025\/03\/Icon-Weitsicht_01.png\" class=\"wp-image-1165\" style=\"width:200px\" srcset=\"https:\/\/br-ag.com\/wp-content\/uploads\/2025\/03\/Icon-Weitsicht_01.png 512w, https:\/\/br-ag.com\/wp-content\/uploads\/2025\/03\/Icon-Weitsicht_01-300x300.png 300w, https:\/\/br-ag.com\/wp-content\/uploads\/2025\/03\/Icon-Weitsicht_01-150x150.png 150w\" sizes=\"(max-width: 512px) 100vw, 512px\" \/><\/figure>\n\n\n\n<h2 class=\"wp-block-heading has-text-align-center\">Foresight<\/h2>\n\n\n\n<p class=\"has-text-align-center\">We strengthen the commitment and satisfaction of our employees as the basis for long-term cooperation and a shared future.<\/p>\n<\/div>\n<\/div>\n\n\n\n<p><\/p>","protected":false},"excerpt":{"rendered":"<p>At bartolome r\u00f6der AG, we live a corporate culture that is based on six core values: Integrity, responsibility, freedom, appreciation, openness and foresight. These values guide us in our daily cooperation, in our decisions and in our dealings with one another. They create an environment in which we can develop, grow together and look to the future with confidence. [...]<\/p>","protected":false},"author":1,"featured_media":0,"parent":11,"menu_order":0,"comment_status":"closed","ping_status":"closed","template":"","meta":{"_seopress_robots_primary_cat":"","_seopress_titles_title":"Unternehmenskultur bei bartolome r\u00f6der AG: Werte leben","_seopress_titles_desc":"Entdecken Sie unsere integrit\u00e4tsgetragene Kultur: Verantwortung, Freiheit, Wertsch\u00e4tzung, Offenheit & Weitsicht bilden die Basis f\u00fcr gemeinsamen Erfolg.","_seopress_robots_index":"","footnotes":""},"categories":[],"tags":[],"class_list":["post-1101","page","type-page","status-publish","hentry"],"_links":{"self":[{"href":"https:\/\/br-ag.com\/en\/wp-json\/wp\/v2\/pages\/1101","targetHints":{"allow":["GET"]}}],"collection":[{"href":"https:\/\/br-ag.com\/en\/wp-json\/wp\/v2\/pages"}],"about":[{"href":"https:\/\/br-ag.com\/en\/wp-json\/wp\/v2\/types\/page"}],"author":[{"embeddable":true,"href":"https:\/\/br-ag.com\/en\/wp-json\/wp\/v2\/users\/1"}],"replies":[{"embeddable":true,"href":"https:\/\/br-ag.com\/en\/wp-json\/wp\/v2\/comments?post=1101"}],"version-history":[{"count":0,"href":"https:\/\/br-ag.com\/en\/wp-json\/wp\/v2\/pages\/1101\/revisions"}],"up":[{"embeddable":true,"href":"https:\/\/br-ag.com\/en\/wp-json\/wp\/v2\/pages\/11"}],"wp:attachment":[{"href":"https:\/\/br-ag.com\/en\/wp-json\/wp\/v2\/media?parent=1101"}],"wp:term":[{"taxonomy":"category","embeddable":true,"href":"https:\/\/br-ag.com\/en\/wp-json\/wp\/v2\/categories?post=1101"},{"taxonomy":"post_tag","embeddable":true,"href":"https:\/\/br-ag.com\/en\/wp-json\/wp\/v2\/tags?post=1101"}],"curies":[{"name":"wp","href":"https:\/\/api.w.org\/{rel}","templated":true}]}}