{"id":856,"date":"2024-12-16T13:06:36","date_gmt":"2024-12-16T13:06:36","guid":{"rendered":"https:\/\/br-ag.com\/?page_id=856"},"modified":"2025-06-17T13:54:10","modified_gmt":"2025-06-17T11:54:10","slug":"das-sagen-unsere-kunden","status":"publish","type":"page","link":"http:\/\/br-ag.com\/en\/das-sagen-unsere-kunden\/","title":{"rendered":"What our customers say"},"content":{"rendered":"<div data-elementor-type=\"wp-page\" data-elementor-id=\"856\" class=\"elementor elementor-856\" data-elementor-post-type=\"page\">\n\t\t\t\t<div class=\"elementor-element elementor-element-316804b6 e-flex e-con-boxed e-con e-parent\" data-id=\"316804b6\" data-element_type=\"container\" data-settings=\"{&quot;background_background&quot;:&quot;gradient&quot;,&quot;_ha_eqh_enable&quot;:false}\">\n\t\t\t\t\t<div class=\"e-con-inner\">\n\t\t<div class=\"elementor-element elementor-element-4a067aca e-con-full e-flex e-con e-child\" data-id=\"4a067aca\" data-element_type=\"container\" data-settings=\"{&quot;_ha_eqh_enable&quot;:false}\">\n\t\t\t\t<div class=\"elementor-element elementor-element-4beb89f0 elementor-widget__width-initial elementor-widget elementor-widget-heading\" data-id=\"4beb89f0\" data-element_type=\"widget\" data-widget_type=\"heading.default\">\n\t\t\t\t\t<h2 class=\"elementor-heading-title elementor-size-default\">What our customers say about us<\/h2>\t\t\t\t<\/div>\n\t\t\t\t<\/div>\n\t\t<div class=\"elementor-element elementor-element-7f7fda04 e-con-full e-flex e-con e-child\" data-id=\"7f7fda04\" data-element_type=\"container\" data-settings=\"{&quot;_ha_eqh_enable&quot;:false}\">\n\t\t\t\t<div class=\"elementor-element elementor-element-5e49faac elementor-widget elementor-widget-image\" data-id=\"5e49faac\" data-element_type=\"widget\" data-widget_type=\"image.default\">\n\t\t\t\t\t\t\t\t\t\t\t\t\t\t\t<img alt=\"\" fetchpriority=\"high\" decoding=\"async\" width=\"800\" height=\"534\" src=\"https:\/\/br-ag.com\/wp-content\/uploads\/2025\/06\/br-AG-Stock-105-1024x683.jpg\" class=\"attachment-large size-large wp-image-1628\" srcset=\"https:\/\/br-ag.com\/wp-content\/uploads\/2025\/06\/br-AG-Stock-105-1024x683.jpg 1024w, https:\/\/br-ag.com\/wp-content\/uploads\/2025\/06\/br-AG-Stock-105-300x200.jpg 300w, https:\/\/br-ag.com\/wp-content\/uploads\/2025\/06\/br-AG-Stock-105-768x512.jpg 768w, https:\/\/br-ag.com\/wp-content\/uploads\/2025\/06\/br-AG-Stock-105-1536x1025.jpg 1536w, https:\/\/br-ag.com\/wp-content\/uploads\/2025\/06\/br-AG-Stock-105.jpg 1800w\" sizes=\"(max-width: 800px) 100vw, 800px\" \/>\t\t\t\t\t\t\t\t\t\t\t\t\t\t\t<\/div>\n\t\t\t\t<\/div>\n\t\t\t\t\t<\/div>\n\t\t\t\t<\/div>\n\t\t<div class=\"elementor-element elementor-element-712b033 e-flex e-con-boxed e-con e-parent\" data-id=\"712b033\" data-element_type=\"container\" data-settings=\"{&quot;background_background&quot;:&quot;classic&quot;,&quot;_ha_eqh_enable&quot;:false}\">\n\t\t\t\t\t<div class=\"e-con-inner\">\n\t\t\t\t<div class=\"elementor-element elementor-element-2890b895 elementor-widget__width-initial elementor-widget elementor-widget-heading\" data-id=\"2890b895\" data-element_type=\"widget\" data-widget_type=\"heading.default\">\n\t\t\t\t\t<h1 class=\"elementor-heading-title elementor-size-default\">Customer testimonials<\/h1>\t\t\t\t<\/div>\n\t\t\t\t\t<\/div>\n\t\t\t\t<\/div>\n\t\t<div class=\"elementor-element elementor-element-2c21164f e-grid e-con-boxed e-con e-parent\" data-id=\"2c21164f\" data-element_type=\"container\" data-settings=\"{&quot;background_background&quot;:&quot;classic&quot;,&quot;_ha_eqh_enable&quot;:false}\">\n\t\t\t\t\t<div class=\"e-con-inner\">\n\t\t<div class=\"elementor-element elementor-element-64e7c2f1 e-con-full e-flex e-con e-child\" data-id=\"64e7c2f1\" data-element_type=\"container\" data-settings=\"{&quot;background_background&quot;:&quot;classic&quot;,&quot;_ha_eqh_enable&quot;:false}\">\n\t\t\t\t<div class=\"elementor-element elementor-element-44f4b560 elementor-widget elementor-widget-text-editor\" data-id=\"44f4b560\" data-element_type=\"widget\" data-widget_type=\"text-editor.default\">\n\t\t\t\t\t\t\t\t\t<p><em>The implementation of complex transformations requires experienced individuals who have mastered business requirements, innovative technology and the associated change management.<\/em><br \/><em>Our partners at bartolome roeder prove this in their daily cooperation.<\/em><\/p>\t\t\t\t\t\t\t\t<\/div>\n\t\t\t\t<div class=\"elementor-element elementor-element-3f19a712 elementor-widget elementor-widget-heading\" data-id=\"3f19a712\" data-element_type=\"widget\" data-widget_type=\"heading.default\">\n\t\t\t\t\t<h5 class=\"elementor-heading-title elementor-size-default\">Siemens AG<\/h5>\t\t\t\t<\/div>\n\t\t\t\t<div class=\"elementor-element elementor-element-5894b94b elementor-widget elementor-widget-heading\" data-id=\"5894b94b\" data-element_type=\"widget\" data-widget_type=\"heading.default\">\n\t\t\t\t\t<h6 class=\"elementor-heading-title elementor-size-default\"><b>Michael Tobai<\/b>, , Siemens AG Digital Industries, Business Transformation Lead<\/h6>\t\t\t\t<\/div>\n\t\t\t\t<\/div>\n\t\t<div class=\"elementor-element elementor-element-28f4504a e-con-full e-flex e-con e-child\" data-id=\"28f4504a\" data-element_type=\"container\" data-settings=\"{&quot;background_background&quot;:&quot;classic&quot;,&quot;_ha_eqh_enable&quot;:false}\">\n\t\t\t\t<div class=\"elementor-element elementor-element-5d63a855 elementor-widget elementor-widget-text-editor\" data-id=\"5d63a855\" data-element_type=\"widget\" data-widget_type=\"text-editor.default\">\n\t\t\t\t\t\t\t\t\t<p><em data-renderer-mark=\"true\">With the switch from Navision to Business Central, BR AG supported us from the conception to the go-live. Thanks to competent advice and a solution-oriented approach, we were able to successfully complete the project. BR AG continues to support us as a partner and thanks to the friendly and customer-oriented support, we will also master the future challenges of the system together<\/em>.<\/p>\t\t\t\t\t\t\t\t<\/div>\n\t\t\t\t<div class=\"elementor-element elementor-element-4db95ba2 elementor-widget elementor-widget-heading\" data-id=\"4db95ba2\" data-element_type=\"widget\" data-widget_type=\"heading.default\">\n\t\t\t\t\t<h5 class=\"elementor-heading-title elementor-size-default\">EQS Group AG<\/h5>\t\t\t\t<\/div>\n\t\t\t\t<div class=\"elementor-element elementor-element-42953172 elementor-widget elementor-widget-heading\" data-id=\"42953172\" data-element_type=\"widget\" data-widget_type=\"heading.default\">\n\t\t\t\t\t<h6 class=\"elementor-heading-title elementor-size-default\"><b>Clarissa J\u00f6rg,<\/b> Head of Accounting \/ In-house tax consultant<\/h6>\t\t\t\t<\/div>\n\t\t\t\t<\/div>\n\t\t<div class=\"elementor-element elementor-element-67df3fd8 e-con-full e-flex e-con e-child\" data-id=\"67df3fd8\" data-element_type=\"container\" data-settings=\"{&quot;background_background&quot;:&quot;classic&quot;,&quot;_ha_eqh_enable&quot;:false}\">\n\t\t\t\t<div class=\"elementor-element elementor-element-56714a95 elementor-widget elementor-widget-text-editor\" data-id=\"56714a95\" data-element_type=\"widget\" data-widget_type=\"text-editor.default\">\n\t\t\t\t\t\t\t\t\t<p><em data-renderer-mark=\"true\">The colleagues at bartolome r\u00f6der AG have stood out for us over the years for their flexibility, professionalism, reliability, speed, thoroughness and collegiality. It is always a pleasure to work with them.<\/em><\/p>\t\t\t\t\t\t\t\t<\/div>\n\t\t\t\t<div class=\"elementor-element elementor-element-798d3518 elementor-widget elementor-widget-heading\" data-id=\"798d3518\" data-element_type=\"widget\" data-widget_type=\"heading.default\">\n\t\t\t\t\t<h5 class=\"elementor-heading-title elementor-size-default\">LOYALTY PARTNER GmbH<\/h5>\t\t\t\t<\/div>\n\t\t\t\t<div class=\"elementor-element elementor-element-2296f5fd elementor-widget elementor-widget-heading\" data-id=\"2296f5fd\" data-element_type=\"widget\" data-widget_type=\"heading.default\">\n\t\t\t\t\t<h6 class=\"elementor-heading-title elementor-size-default\"><b>Mine Kaba<\/b>, Director of Commercial Systems &amp; Solutions<\/h6>\t\t\t\t<\/div>\n\t\t\t\t<\/div>\n\t\t<div class=\"elementor-element elementor-element-2bd87abb e-con-full e-flex e-con e-child\" data-id=\"2bd87abb\" data-element_type=\"container\" data-settings=\"{&quot;background_background&quot;:&quot;classic&quot;,&quot;_ha_eqh_enable&quot;:false}\">\n\t\t\t\t<div class=\"elementor-element elementor-element-3dae05db elementor-widget elementor-widget-text-editor\" data-id=\"3dae05db\" data-element_type=\"widget\" data-widget_type=\"text-editor.default\">\n\t\t\t\t\t\t\t\t\t<p><em>BR AG's expertise also proved to be a decisive advantage in this project. The complex project was implemented to our complete satisfaction in the shortest possible time. The requirements we set were processed quickly and very reliably. The decisive factor here is that we have been supported by the same developer since 2009. We, PSP Pack GmbH, can recommend BR AG with a clear conscience.<\/em><\/p>\t\t\t\t\t\t\t\t<\/div>\n\t\t\t\t<div class=\"elementor-element elementor-element-7c92558e elementor-widget elementor-widget-heading\" data-id=\"7c92558e\" data-element_type=\"widget\" data-widget_type=\"heading.default\">\n\t\t\t\t\t<h5 class=\"elementor-heading-title elementor-size-default\">PSP Pack GmbH<\/h5>\t\t\t\t<\/div>\n\t\t\t\t<div class=\"elementor-element elementor-element-42e2919e elementor-widget elementor-widget-heading\" data-id=\"42e2919e\" data-element_type=\"widget\" data-widget_type=\"heading.default\">\n\t\t\t\t\t<h6 class=\"elementor-heading-title elementor-size-default\"><b>Michael Schmidt<\/b>, , PSP Pack GmbH, Operations Manager<\/h6>\t\t\t\t<\/div>\n\t\t\t\t<\/div>\n\t\t<div class=\"elementor-element elementor-element-1667268a e-con-full e-flex e-con e-child\" data-id=\"1667268a\" data-element_type=\"container\" data-settings=\"{&quot;background_background&quot;:&quot;classic&quot;,&quot;_ha_eqh_enable&quot;:false}\">\n\t\t\t\t<div class=\"elementor-element elementor-element-49b6dd2c elementor-widget elementor-widget-text-editor\" data-id=\"49b6dd2c\" data-element_type=\"widget\" data-widget_type=\"text-editor.default\">\n\t\t\t\t\t\t\t\t\t<p><em data-renderer-mark=\"true\">Direct communication and solution-oriented implementation characterize bartolome r\u00f6der AG.<\/em><\/p>\t\t\t\t\t\t\t\t<\/div>\n\t\t\t\t<div class=\"elementor-element elementor-element-67ac5a96 elementor-widget elementor-widget-heading\" data-id=\"67ac5a96\" data-element_type=\"widget\" data-widget_type=\"heading.default\">\n\t\t\t\t\t<h5 class=\"elementor-heading-title elementor-size-default\">Gabor Shoes AG<\/h5>\t\t\t\t<\/div>\n\t\t\t\t<div class=\"elementor-element elementor-element-37f6c1de elementor-widget elementor-widget-heading\" data-id=\"37f6c1de\" data-element_type=\"widget\" data-widget_type=\"heading.default\">\n\t\t\t\t\t<h6 class=\"elementor-heading-title elementor-size-default\"><b>Marc Kitowski<\/b>, IT Manager<\/h6>\t\t\t\t<\/div>\n\t\t\t\t<\/div>\n\t\t<div class=\"elementor-element elementor-element-14c6b46d e-con-full e-flex e-con e-child\" data-id=\"14c6b46d\" data-element_type=\"container\" data-settings=\"{&quot;background_background&quot;:&quot;classic&quot;,&quot;_ha_eqh_enable&quot;:false}\">\n\t\t\t\t<div class=\"elementor-element elementor-element-d126b04 elementor-widget elementor-widget-text-editor\" data-id=\"d126b04\" data-element_type=\"widget\" data-widget_type=\"text-editor.default\">\n\t\t\t\t\t\t\t\t\t<p><em data-renderer-mark=\"true\">In the event of problems, we can inform our advisors of the problem by e-mail and your advisors will usually provide a solution fairly quickly.<\/em><\/p>\t\t\t\t\t\t\t\t<\/div>\n\t\t\t\t<div class=\"elementor-element elementor-element-5749a76c elementor-widget elementor-widget-heading\" data-id=\"5749a76c\" data-element_type=\"widget\" data-widget_type=\"heading.default\">\n\t\t\t\t\t<h5 class=\"elementor-heading-title elementor-size-default\">Gabor Shoes AG<\/h5>\t\t\t\t<\/div>\n\t\t\t\t<div class=\"elementor-element elementor-element-71d1dd41 elementor-widget elementor-widget-heading\" data-id=\"71d1dd41\" data-element_type=\"widget\" data-widget_type=\"heading.default\">\n\t\t\t\t\t<h6 class=\"elementor-heading-title elementor-size-default\"><b>Georg Kirchbeck<\/b>Finance<\/h6>\t\t\t\t<\/div>\n\t\t\t\t<\/div>\n\t\t<div class=\"elementor-element elementor-element-582198ef e-con-full e-flex e-con e-child\" data-id=\"582198ef\" data-element_type=\"container\" data-settings=\"{&quot;background_background&quot;:&quot;classic&quot;,&quot;_ha_eqh_enable&quot;:false}\">\n\t\t\t\t<div class=\"elementor-element elementor-element-3d1c2f10 elementor-widget elementor-widget-text-editor\" data-id=\"3d1c2f10\" data-element_type=\"widget\" data-widget_type=\"text-editor.default\">\n\t\t\t\t\t\t\t\t\t<p><em data-renderer-mark=\"true\">What I appreciate most about working with bartolome r\u00f6der AG is the structured approach and the pleasant and professional way of working.<\/em><\/p>\t\t\t\t\t\t\t\t<\/div>\n\t\t\t\t<div class=\"elementor-element elementor-element-6eaddb82 elementor-widget elementor-widget-heading\" data-id=\"6eaddb82\" data-element_type=\"widget\" data-widget_type=\"heading.default\">\n\t\t\t\t\t<h5 class=\"elementor-heading-title elementor-size-default\">Ricosta Schuhfabriken GmbH<\/h5>\t\t\t\t<\/div>\n\t\t\t\t<div class=\"elementor-element elementor-element-5d2543bd elementor-widget elementor-widget-heading\" data-id=\"5d2543bd\" data-element_type=\"widget\" data-widget_type=\"heading.default\">\n\t\t\t\t\t<h6 class=\"elementor-heading-title elementor-size-default\"><b>Martina Schneider<\/b>, Head of E-Commerce<\/h6>\t\t\t\t<\/div>\n\t\t\t\t<\/div>\n\t\t<div class=\"elementor-element elementor-element-923164b e-con-full e-flex e-con e-child\" data-id=\"923164b\" data-element_type=\"container\" data-settings=\"{&quot;background_background&quot;:&quot;classic&quot;,&quot;_ha_eqh_enable&quot;:false}\">\n\t\t\t\t<div class=\"elementor-element elementor-element-397a3e7f elementor-widget elementor-widget-text-editor\" data-id=\"397a3e7f\" data-element_type=\"widget\" data-widget_type=\"text-editor.default\">\n\t\t\t\t\t\t\t\t\t<p><em data-renderer-mark=\"true\">Thanks to the friendly and competent advice and implementation during the ERP migration to Microsoft Business Central, we actually managed to introduce the new ERP at the first publishing house in less than 2 years.<\/em><\/p>\t\t\t\t\t\t\t\t<\/div>\n\t\t\t\t<div class=\"elementor-element elementor-element-4123e434 elementor-widget elementor-widget-heading\" data-id=\"4123e434\" data-element_type=\"widget\" data-widget_type=\"heading.default\">\n\t\t\t\t\t<h5 class=\"elementor-heading-title elementor-size-default\">Forum Media Group GmbH<\/h5>\t\t\t\t<\/div>\n\t\t\t\t<div class=\"elementor-element elementor-element-131d021c elementor-widget elementor-widget-heading\" data-id=\"131d021c\" data-element_type=\"widget\" data-widget_type=\"heading.default\">\n\t\t\t\t\t<h6 class=\"elementor-heading-title elementor-size-default\"><b>Anne-Christin Amlinger<\/b>Chief Information Officer<\/h6>\t\t\t\t<\/div>\n\t\t\t\t<\/div>\n\t\t<div class=\"elementor-element elementor-element-4b2912db e-con-full e-flex e-con e-child\" data-id=\"4b2912db\" data-element_type=\"container\" data-settings=\"{&quot;background_background&quot;:&quot;classic&quot;,&quot;_ha_eqh_enable&quot;:false}\">\n\t\t\t\t<div class=\"elementor-element elementor-element-5837a26d elementor-widget elementor-widget-text-editor\" data-id=\"5837a26d\" data-element_type=\"widget\" data-widget_type=\"text-editor.default\">\n\t\t\t\t\t\t\t\t\t<p><em data-renderer-mark=\"true\">Many thanks for the professional advice and the implementation of our project. Despite a very tight time frame, we were always able to rely on your support and go live on time!<\/em><\/p>\t\t\t\t\t\t\t\t<\/div>\n\t\t\t\t<div class=\"elementor-element elementor-element-46e09944 elementor-widget elementor-widget-heading\" data-id=\"46e09944\" data-element_type=\"widget\" data-widget_type=\"heading.default\">\n\t\t\t\t\t<h5 class=\"elementor-heading-title elementor-size-default\">Avanquest pdfforge GmbH<\/h5>\t\t\t\t<\/div>\n\t\t\t\t<div class=\"elementor-element elementor-element-4801ce66 elementor-widget elementor-widget-heading\" data-id=\"4801ce66\" data-element_type=\"widget\" data-widget_type=\"heading.default\">\n\t\t\t\t\t<h6 class=\"elementor-heading-title elementor-size-default\"><b>Claudia Helldobler<\/b>, authorized signatory<\/h6>\t\t\t\t<\/div>\n\t\t\t\t<\/div>\n\t\t<div class=\"elementor-element elementor-element-51a8cf9b e-con-full e-flex e-con e-child\" data-id=\"51a8cf9b\" data-element_type=\"container\" data-settings=\"{&quot;background_background&quot;:&quot;classic&quot;,&quot;_ha_eqh_enable&quot;:false}\">\n\t\t\t\t<div class=\"elementor-element elementor-element-7c0487a7 elementor-widget elementor-widget-text-editor\" data-id=\"7c0487a7\" data-element_type=\"widget\" data-widget_type=\"text-editor.default\">\n\t\t\t\t\t\t\t\t\t<p><em data-renderer-mark=\"true\">With bartolome r\u00f6der AG, our industry-specific requirements were implemented competently and in a user-friendly manner within the planned timeframe during the introduction of Dynamics 365 Business Central. Any adjustments required later were also carried out at short notice.<\/em><\/p>\t\t\t\t\t\t\t\t<\/div>\n\t\t\t\t<div class=\"elementor-element elementor-element-5eefaa3b elementor-widget elementor-widget-heading\" data-id=\"5eefaa3b\" data-element_type=\"widget\" data-widget_type=\"heading.default\">\n\t\t\t\t\t<h5 class=\"elementor-heading-title elementor-size-default\">MERO Germany GmbH<\/h5>\t\t\t\t<\/div>\n\t\t\t\t<div class=\"elementor-element elementor-element-45e2fd04 elementor-widget elementor-widget-heading\" data-id=\"45e2fd04\" data-element_type=\"widget\" data-widget_type=\"heading.default\">\n\t\t\t\t\t<h6 class=\"elementor-heading-title elementor-size-default\"><b>Hanns-Joachim Roggenbuck<\/b>, Commercial Director<\/h6>\t\t\t\t<\/div>\n\t\t\t\t<\/div>\n\t\t<div class=\"elementor-element elementor-element-7d2041b5 e-con-full e-flex e-con e-child\" data-id=\"7d2041b5\" data-element_type=\"container\" data-settings=\"{&quot;background_background&quot;:&quot;classic&quot;,&quot;_ha_eqh_enable&quot;:false}\">\n\t\t\t\t<div class=\"elementor-element elementor-element-37dda28e elementor-widget elementor-widget-text-editor\" data-id=\"37dda28e\" data-element_type=\"widget\" data-widget_type=\"text-editor.default\">\n\t\t\t\t\t\t\t\t\t<p><em data-renderer-mark=\"true\">We have been relying on the expertise and reliability of bartolome r\u00f6der AG for over 10 years. As a medium-sized company, we benefit greatly from the solution-oriented consulting as well as the short response times and can highly recommend bartolome r\u00f6der AG as an IT partner at eye level!<\/em><\/p>\t\t\t\t\t\t\t\t<\/div>\n\t\t\t\t<div class=\"elementor-element elementor-element-483c6174 elementor-widget elementor-widget-heading\" data-id=\"483c6174\" data-element_type=\"widget\" data-widget_type=\"heading.default\">\n\t\t\t\t\t<h5 class=\"elementor-heading-title elementor-size-default\">M\u00fchlen Sohn GmbH &amp; Co. KG<\/h5>\t\t\t\t<\/div>\n\t\t\t\t<div class=\"elementor-element elementor-element-6155eb43 elementor-widget elementor-widget-heading\" data-id=\"6155eb43\" data-element_type=\"widget\" data-widget_type=\"heading.default\">\n\t\t\t\t\t<h6 class=\"elementor-heading-title elementor-size-default\"><b>Alexandra Hubmann<\/b>, authorized signatory, responsible for SCM, IT and internal sales<\/h6>\t\t\t\t<\/div>\n\t\t\t\t<\/div>\n\t\t<div class=\"elementor-element elementor-element-24b869 e-con-full e-flex e-con e-child\" data-id=\"24b869\" data-element_type=\"container\" data-settings=\"{&quot;background_background&quot;:&quot;classic&quot;,&quot;_ha_eqh_enable&quot;:false}\">\n\t\t\t\t<div class=\"elementor-element elementor-element-379a5349 elementor-widget elementor-widget-text-editor\" data-id=\"379a5349\" data-element_type=\"widget\" data-widget_type=\"text-editor.default\">\n\t\t\t\t\t\t\t\t\t<p><em data-renderer-mark=\"true\">I am full of praise for your company and the exceptional service you provide. I would particularly like to emphasize the competence, helpfulness and accessibility.<\/em><br \/><em data-renderer-mark=\"true\">We were always supported in all matters, attentively and with an open ear. The problems and requirements we described were immediately understood and, without exception, the best and most practicable solutions were found for our company with sense and understanding and implemented within the shortest possible time.<\/em><br \/><em data-renderer-mark=\"true\">I am really impressed with your service. It's rare to find something like this nowadays.<\/em><\/p>\t\t\t\t\t\t\t\t<\/div>\n\t\t\t\t<div class=\"elementor-element elementor-element-65649700 elementor-widget elementor-widget-heading\" data-id=\"65649700\" data-element_type=\"widget\" data-widget_type=\"heading.default\">\n\t\t\t\t\t<h5 class=\"elementor-heading-title elementor-size-default\">Dr. Wilfried M\u00fcller GmbH<\/h5>\t\t\t\t<\/div>\n\t\t\t\t<div class=\"elementor-element elementor-element-5f13aa54 elementor-widget elementor-widget-heading\" data-id=\"5f13aa54\" data-element_type=\"widget\" data-widget_type=\"heading.default\">\n\t\t\t\t\t<h6 class=\"elementor-heading-title elementor-size-default\"><b>Carolin Junger <\/b>Sales and purchasing assistant<\/h6>\t\t\t\t<\/div>\n\t\t\t\t<\/div>\n\t\t\t\t\t<\/div>\n\t\t\t\t<\/div>\n\t\t\t\t<\/div>","protected":false},"excerpt":{"rendered":"<p>What our customers say about us Customer testimonials The implementation of complex transformations requires experienced people who have mastered business requirements, innovative technology and the associated change management, which our partners at bartolome roeder prove in their daily collaboration. Siemens AG Michael Tobai, , Siemens AG Digital Industries, Business Transformation Lead With the change from Navision to Business [...]<\/p>","protected":false},"author":1,"featured_media":863,"parent":0,"menu_order":0,"comment_status":"closed","ping_status":"closed","template":"","meta":{"_seopress_robots_primary_cat":"","_seopress_titles_title":"Kundenerfahrungen mit Bartolome R\u00f6der AG: Zuverl\u00e4ssigkeit \u00fcberzeugt","_seopress_titles_desc":"Erfahrene Partner f\u00fcr gesch\u00e4ftliche Anforderungen & innovative Technologie. L\u00f6sungen von ERP bis Dynamics 365 passgenau umgesetzt. Jetzt mehr erfahren!","_seopress_robots_index":"","footnotes":""},"categories":[],"tags":[],"class_list":["post-856","page","type-page","status-publish","has-post-thumbnail","hentry"],"_links":{"self":[{"href":"http:\/\/br-ag.com\/en\/wp-json\/wp\/v2\/pages\/856","targetHints":{"allow":["GET"]}}],"collection":[{"href":"http:\/\/br-ag.com\/en\/wp-json\/wp\/v2\/pages"}],"about":[{"href":"http:\/\/br-ag.com\/en\/wp-json\/wp\/v2\/types\/page"}],"author":[{"embeddable":true,"href":"http:\/\/br-ag.com\/en\/wp-json\/wp\/v2\/users\/1"}],"replies":[{"embeddable":true,"href":"http:\/\/br-ag.com\/en\/wp-json\/wp\/v2\/comments?post=856"}],"version-history":[{"count":15,"href":"http:\/\/br-ag.com\/en\/wp-json\/wp\/v2\/pages\/856\/revisions"}],"predecessor-version":[{"id":2066,"href":"http:\/\/br-ag.com\/en\/wp-json\/wp\/v2\/pages\/856\/revisions\/2066"}],"wp:featuredmedia":[{"embeddable":true,"href":"http:\/\/br-ag.com\/en\/wp-json\/wp\/v2\/media\/863"}],"wp:attachment":[{"href":"http:\/\/br-ag.com\/en\/wp-json\/wp\/v2\/media?parent=856"}],"wp:term":[{"taxonomy":"category","embeddable":true,"href":"http:\/\/br-ag.com\/en\/wp-json\/wp\/v2\/categories?post=856"},{"taxonomy":"post_tag","embeddable":true,"href":"http:\/\/br-ag.com\/en\/wp-json\/wp\/v2\/tags?post=856"}],"curies":[{"name":"wp","href":"https:\/\/api.w.org\/{rel}","templated":true}]}}